{"id":94,"date":"2021-12-21T21:31:39","date_gmt":"2021-12-21T21:31:39","guid":{"rendered":"https:\/\/build.cross-dock.hu\/?page_id=94"},"modified":"2022-01-05T21:46:30","modified_gmt":"2022-01-05T21:46:30","slug":"kapcsolat","status":"publish","type":"page","link":"https:\/\/build.cross-dock.hu\/index.php\/kapcsolat\/","title":{"rendered":"Kapcsolat"},"content":{"rendered":"<h2>Kapcsolat<\/h2>\n<p>\t\t\t\t\t\t\t\t\t\t\t\t\t\t\t<img width=\"498\" height=\"677\" src=\"https:\/\/build.cross-dock.hu\/wp-content\/uploads\/2022\/01\/kapcsolat-profile-img.jpg\" alt=\"\" loading=\"lazy\" srcset=\"https:\/\/build.cross-dock.hu\/wp-content\/uploads\/2022\/01\/kapcsolat-profile-img.jpg 498w, https:\/\/build.cross-dock.hu\/wp-content\/uploads\/2022\/01\/kapcsolat-profile-img-221x300.jpg 221w\" sizes=\"(max-width: 498px) 100vw, 498px\" \/>\t\t\t\t\t\t\t\t\t\t\t\t\t\t\t<\/p>\n<h2>Kapcsolat<\/h2>\n<h2>Tam\u00e1s Botond<br \/>\n<\/h2>\n<ul>\n<li>\n\t\t\t\t\t\t\t\t\t\t\t<a href=\"mailto:boti@cross-dock.hu\"><br \/>\n\t\t\t\t\t\t\t\t\t\tboti@cross-dock.hu<br \/>\n\t\t\t\t\t\t\t\t\t\t\t<\/a>\n\t\t\t\t\t\t\t\t\t<\/li>\n<li>\n\t\t\t\t\t\t\t\t\t\t\t<a href=\"tel:+36305575734\"><br \/>\n\t\t\t\t\t\t\t\t\t\t+36305575734<br \/>\n\t\t\t\t\t\t\t\t\t\t\t<\/a>\n\t\t\t\t\t\t\t\t\t<\/li>\n<li>\n\t\t\t\t\t\t\t\t\t\t\t<a href=\"https:\/\/goo.gl\/maps\/a6NkC7Je4iYkh2VP9\"><br \/>\n\t\t\t\t\t\t\t\t\t\t1158 Budapest, K\u00e9sm\u00e1rk u.9.<br \/>\n\t\t\t\t\t\t\t\t\t\t\t<\/a>\n\t\t\t\t\t\t\t\t\t<\/li>\n<li>\n\t\t\t\t\t\t\t\t\t\t\t<a href=\"https:\/\/www.facebook.com\/Cross-Dock-Logisztikai-Kft-100617055300197\/\"><br \/>\n\t\t\t\t\t\t\t\t\t\tCross-Dock-Logisztikai-Kft<br \/>\n\t\t\t\t\t\t\t\t\t\t\t<\/a>\n\t\t\t\t\t\t\t\t\t<\/li>\n<\/ul>\n<p>A kock\u00e1zatos term\u00e9keknek is kisz\u00e1m\u00edthat\u00f3, gondos spedit\u0151re A, CZ, SK, BG, GR, H, viszonylatokban<\/p>\n<p>A kock\u00e1zatos term\u00e9keknek is kisz\u00e1m\u00edthat\u00f3, gondos spedit\u0151re A, CZ, SK, BG, GR, H, viszonylatokban<\/p>\n","protected":false},"excerpt":{"rendered":"<p>Kapcsolat Kapcsolat Tam\u00e1s Botond boti@cross-dock.hu +36305575734 1158 Budapest, K\u00e9sm\u00e1rk u.9. Cross-Dock-Logisztikai-Kft A kock\u00e1zatos term\u00e9keknek is kisz\u00e1m\u00edthat\u00f3, gondos spedit\u0151re A, CZ, SK, BG, GR, H, viszonylatokban A kock\u00e1zatos term\u00e9keknek is kisz\u00e1m\u00edthat\u00f3, gondos spedit\u0151re A, CZ, SK, BG, GR, H, viszonylatokban<\/p>\n","protected":false},"author":1,"featured_media":0,"parent":0,"menu_order":0,"comment_status":"closed","ping_status":"closed","template":"","meta":{"site-sidebar-layout":"no-sidebar","site-content-layout":"page-builder","ast-main-header-display":"","ast-hfb-above-header-display":"","ast-hfb-below-header-display":"","ast-hfb-mobile-header-display":"","site-post-title":"disabled","ast-breadcrumbs-content":"","ast-featured-img":"disabled","footer-sml-layout":"","theme-transparent-header-meta":"","adv-header-id-meta":"","stick-header-meta":"","header-above-stick-meta":"","header-main-stick-meta":"","header-below-stick-meta":""},"yoast_head":"<!-- This site is optimized with the Yoast SEO plugin v17.8 - https:\/\/yoast.com\/wordpress\/plugins\/seo\/ -->\n<title>Kapcsolat - Cross-Dock Logisztikai Kft.<\/title>\n<meta name=\"robots\" content=\"index, follow, max-snippet:-1, max-image-preview:large, max-video-preview:-1\" \/>\n<link rel=\"canonical\" href=\"https:\/\/build.cross-dock.hu\/index.php\/kapcsolat\/\" \/>\n<meta property=\"og:locale\" content=\"en_US\" \/>\n<meta property=\"og:type\" content=\"article\" \/>\n<meta property=\"og:title\" content=\"Kapcsolat - Cross-Dock Logisztikai Kft.\" \/>\n<meta property=\"og:description\" content=\"Kapcsolat Kapcsolat Tam\u00e1s Botond boti@cross-dock.hu +36305575734 1158 Budapest, K\u00e9sm\u00e1rk u.9. Cross-Dock-Logisztikai-Kft A kock\u00e1zatos term\u00e9keknek is kisz\u00e1m\u00edthat\u00f3, gondos spedit\u0151re A, CZ, SK, BG, GR, H, viszonylatokban A kock\u00e1zatos term\u00e9keknek is kisz\u00e1m\u00edthat\u00f3, gondos spedit\u0151re A, CZ, SK, BG, GR, H, viszonylatokban\" \/>\n<meta property=\"og:url\" content=\"https:\/\/build.cross-dock.hu\/index.php\/kapcsolat\/\" \/>\n<meta property=\"og:site_name\" content=\"Cross-Dock Logisztikai Kft.\" \/>\n<meta property=\"article:modified_time\" content=\"2022-01-05T21:46:30+00:00\" \/>\n<meta property=\"og:image\" content=\"https:\/\/build.cross-dock.hu\/wp-content\/uploads\/2022\/01\/kapcsolat-profile-img.jpg\" \/>\n<meta name=\"twitter:card\" content=\"summary_large_image\" \/>\n<meta name=\"twitter:label1\" content=\"Est. reading time\" \/>\n\t<meta name=\"twitter:data1\" content=\"1 minute\" \/>\n<script type=\"application\/ld+json\" class=\"yoast-schema-graph\">{\"@context\":\"https:\/\/schema.org\",\"@graph\":[{\"@type\":\"WebSite\",\"@id\":\"https:\/\/build.cross-dock.hu\/#website\",\"url\":\"https:\/\/build.cross-dock.hu\/\",\"name\":\"Cross-Dock Logisztikai Kft.\",\"description\":\"\",\"potentialAction\":[{\"@type\":\"SearchAction\",\"target\":{\"@type\":\"EntryPoint\",\"urlTemplate\":\"https:\/\/build.cross-dock.hu\/?s={search_term_string}\"},\"query-input\":\"required name=search_term_string\"}],\"inLanguage\":\"en-US\"},{\"@type\":\"ImageObject\",\"@id\":\"https:\/\/build.cross-dock.hu\/index.php\/kapcsolat\/#primaryimage\",\"inLanguage\":\"en-US\",\"url\":\"https:\/\/build.cross-dock.hu\/wp-content\/uploads\/2022\/01\/kapcsolat-profile-img.jpg\",\"contentUrl\":\"https:\/\/build.cross-dock.hu\/wp-content\/uploads\/2022\/01\/kapcsolat-profile-img.jpg\",\"width\":498,\"height\":677},{\"@type\":\"WebPage\",\"@id\":\"https:\/\/build.cross-dock.hu\/index.php\/kapcsolat\/#webpage\",\"url\":\"https:\/\/build.cross-dock.hu\/index.php\/kapcsolat\/\",\"name\":\"Kapcsolat - Cross-Dock Logisztikai Kft.\",\"isPartOf\":{\"@id\":\"https:\/\/build.cross-dock.hu\/#website\"},\"primaryImageOfPage\":{\"@id\":\"https:\/\/build.cross-dock.hu\/index.php\/kapcsolat\/#primaryimage\"},\"datePublished\":\"2021-12-21T21:31:39+00:00\",\"dateModified\":\"2022-01-05T21:46:30+00:00\",\"breadcrumb\":{\"@id\":\"https:\/\/build.cross-dock.hu\/index.php\/kapcsolat\/#breadcrumb\"},\"inLanguage\":\"en-US\",\"potentialAction\":[{\"@type\":\"ReadAction\",\"target\":[\"https:\/\/build.cross-dock.hu\/index.php\/kapcsolat\/\"]}]},{\"@type\":\"BreadcrumbList\",\"@id\":\"https:\/\/build.cross-dock.hu\/index.php\/kapcsolat\/#breadcrumb\",\"itemListElement\":[{\"@type\":\"ListItem\",\"position\":1,\"name\":\"Home\",\"item\":\"https:\/\/build.cross-dock.hu\/\"},{\"@type\":\"ListItem\",\"position\":2,\"name\":\"Kapcsolat\"}]}]}<\/script>\n<!-- \/ Yoast SEO plugin. -->","yoast_head_json":{"title":"Kapcsolat - Cross-Dock Logisztikai Kft.","robots":{"index":"index","follow":"follow","max-snippet":"max-snippet:-1","max-image-preview":"max-image-preview:large","max-video-preview":"max-video-preview:-1"},"canonical":"https:\/\/build.cross-dock.hu\/index.php\/kapcsolat\/","og_locale":"en_US","og_type":"article","og_title":"Kapcsolat - Cross-Dock Logisztikai Kft.","og_description":"Kapcsolat Kapcsolat Tam\u00e1s Botond boti@cross-dock.hu +36305575734 1158 Budapest, K\u00e9sm\u00e1rk u.9. Cross-Dock-Logisztikai-Kft A kock\u00e1zatos term\u00e9keknek is kisz\u00e1m\u00edthat\u00f3, gondos spedit\u0151re A, CZ, SK, BG, GR, H, viszonylatokban A kock\u00e1zatos term\u00e9keknek is kisz\u00e1m\u00edthat\u00f3, gondos spedit\u0151re A, CZ, SK, BG, GR, H, viszonylatokban","og_url":"https:\/\/build.cross-dock.hu\/index.php\/kapcsolat\/","og_site_name":"Cross-Dock Logisztikai Kft.","article_modified_time":"2022-01-05T21:46:30+00:00","og_image":[{"url":"https:\/\/build.cross-dock.hu\/wp-content\/uploads\/2022\/01\/kapcsolat-profile-img.jpg"}],"twitter_card":"summary_large_image","twitter_misc":{"Est. reading time":"1 minute"},"schema":{"@context":"https:\/\/schema.org","@graph":[{"@type":"WebSite","@id":"https:\/\/build.cross-dock.hu\/#website","url":"https:\/\/build.cross-dock.hu\/","name":"Cross-Dock Logisztikai Kft.","description":"","potentialAction":[{"@type":"SearchAction","target":{"@type":"EntryPoint","urlTemplate":"https:\/\/build.cross-dock.hu\/?s={search_term_string}"},"query-input":"required name=search_term_string"}],"inLanguage":"en-US"},{"@type":"ImageObject","@id":"https:\/\/build.cross-dock.hu\/index.php\/kapcsolat\/#primaryimage","inLanguage":"en-US","url":"https:\/\/build.cross-dock.hu\/wp-content\/uploads\/2022\/01\/kapcsolat-profile-img.jpg","contentUrl":"https:\/\/build.cross-dock.hu\/wp-content\/uploads\/2022\/01\/kapcsolat-profile-img.jpg","width":498,"height":677},{"@type":"WebPage","@id":"https:\/\/build.cross-dock.hu\/index.php\/kapcsolat\/#webpage","url":"https:\/\/build.cross-dock.hu\/index.php\/kapcsolat\/","name":"Kapcsolat - Cross-Dock Logisztikai Kft.","isPartOf":{"@id":"https:\/\/build.cross-dock.hu\/#website"},"primaryImageOfPage":{"@id":"https:\/\/build.cross-dock.hu\/index.php\/kapcsolat\/#primaryimage"},"datePublished":"2021-12-21T21:31:39+00:00","dateModified":"2022-01-05T21:46:30+00:00","breadcrumb":{"@id":"https:\/\/build.cross-dock.hu\/index.php\/kapcsolat\/#breadcrumb"},"inLanguage":"en-US","potentialAction":[{"@type":"ReadAction","target":["https:\/\/build.cross-dock.hu\/index.php\/kapcsolat\/"]}]},{"@type":"BreadcrumbList","@id":"https:\/\/build.cross-dock.hu\/index.php\/kapcsolat\/#breadcrumb","itemListElement":[{"@type":"ListItem","position":1,"name":"Home","item":"https:\/\/build.cross-dock.hu\/"},{"@type":"ListItem","position":2,"name":"Kapcsolat"}]}]}},"_links":{"self":[{"href":"https:\/\/build.cross-dock.hu\/index.php\/wp-json\/wp\/v2\/pages\/94"}],"collection":[{"href":"https:\/\/build.cross-dock.hu\/index.php\/wp-json\/wp\/v2\/pages"}],"about":[{"href":"https:\/\/build.cross-dock.hu\/index.php\/wp-json\/wp\/v2\/types\/page"}],"author":[{"embeddable":true,"href":"https:\/\/build.cross-dock.hu\/index.php\/wp-json\/wp\/v2\/users\/1"}],"replies":[{"embeddable":true,"href":"https:\/\/build.cross-dock.hu\/index.php\/wp-json\/wp\/v2\/comments?post=94"}],"version-history":[{"count":28,"href":"https:\/\/build.cross-dock.hu\/index.php\/wp-json\/wp\/v2\/pages\/94\/revisions"}],"predecessor-version":[{"id":828,"href":"https:\/\/build.cross-dock.hu\/index.php\/wp-json\/wp\/v2\/pages\/94\/revisions\/828"}],"wp:attachment":[{"href":"https:\/\/build.cross-dock.hu\/index.php\/wp-json\/wp\/v2\/media?parent=94"}],"curies":[{"name":"wp","href":"https:\/\/api.w.org\/{rel}","templated":true}]}}