{"id":92,"date":"2021-12-21T21:31:21","date_gmt":"2021-12-21T21:31:21","guid":{"rendered":"https:\/\/build.cross-dock.hu\/?page_id=92"},"modified":"2022-01-05T22:00:57","modified_gmt":"2022-01-05T22:00:57","slug":"ceginformacio","status":"publish","type":"page","link":"https:\/\/build.cross-dock.hu\/index.php\/ceginformacio\/","title":{"rendered":"C\u00e9ginform\u00e1ci\u00f3"},"content":{"rendered":"<h2>R\u00f3lunk<\/h2>\n<h2>Szolg\u00e1ltat\u00e1saink<\/h2>\n<p>\t\t\t<a href=\"https:\/\/build.cross-dock.hu\/index.php\/belfoldi-szallitmanyozas\/\" role=\"button\"><br \/>\n\t\t\t\t\t\tBelf\u00f6ldi Sz\u00e1ll\u00edtm\u00e1nyoz\u00e1s<br \/>\n\t\t\t\t\t<\/a><br \/>\n\t\t\t<a href=\"https:\/\/build.cross-dock.hu\/index.php\/nemzetkozi-szallitmanyozas\/\" role=\"button\"><br \/>\n\t\t\t\t\t\tNemzetk\u00f6zi Sz\u00e1ll\u00edtm\u00e1nyoz\u00e1s<br \/>\n\t\t\t\t\t<\/a><br \/>\n\t\t\t<a href=\"https:\/\/build.cross-dock.hu\/index.php\/raktarozas\/\" role=\"button\"><br \/>\n\t\t\t\t\t\tRakt\u00e1roz\u00e1s<br \/>\n\t\t\t\t\t<\/a><br \/>\n\t\t\t<a href=\"https:\/\/build.cross-dock.hu\/index.php\/tanacsadas\/\" role=\"button\"><br \/>\n\t\t\t\t\t\tTan\u00e1csad\u00e1s<br \/>\n\t\t\t\t\t<\/a><\/p>\n<h2>Let\u00f6lt\u00e9sek<\/h2>\n<p>\t\t\t<a href=\"#\" role=\"button\"><br \/>\n\t\t\t\t\t\tCross-Dock Kft. riport<br \/>\n\t\t\t\t\t<\/a><\/p>\n<h2>C\u00e9g\u00fcnk:<\/h2>\n<p>\t\t\t\t<svg xmlns=\"http:\/\/www.w3.org\/2000\/svg\" width=\"32\" height=\"32\" viewBox=\"0 0 32 32\" fill=\"none\"><path d=\"M11.08 13.72L9.4 15.4L14.8 20.8L26.8 8.8L25.12 7.12L14.8 17.44L11.08 13.72ZM25.6 16C25.6 21.28 21.28 25.6 16 25.6C10.72 25.6 6.4 21.28 6.4 16C6.4 10.72 10.72 6.4 16 6.4C16.96 6.4 17.8 6.52 18.64 6.76L20.56 4.84C19.12 4.36 17.56 4 16 4C9.4 4 4 9.4 4 16C4 22.6 9.4 28 16 28C22.6 28 28 22.6 28 16H25.6Z\" fill=\"#E31E24\"><\/path><\/svg>\t\t\t\t<\/p>\n<h3>\n\t\t\t\t\t\tAz aktu\u00e1lis hitelbiztos\u00edt\u00f3i meg\u00edt\u00e9l\u00e9s alapj\u00e1n a Cross-Dock Kft alacsony p\u00e9nz\u00fcgyi kock\u00e1zat\u00fa kateg\u00f3ri\u00e1ba tartozik.<br \/>\n\t\t\t\t<\/h3>\n<p>\n\t\t\t\t\t\tEz a sz\u00e1ll\u00edtm\u00e1nyoz\u00e1sban nagyon j\u00f3 eredm\u00e9ny, mert a hazai sz\u00e1ll\u00edtm\u00e1nyoz\u00f3 c\u00e9geknek mind\u00f6ssze 15,5 %-a rendelkezik ilyen j\u00f3 kock\u00e1zati besorol\u00e1ssal.\t\t\t\t\t<\/p>\n<p>\t\t\t\t\t\t\t\t\t\t\t\t\t\t\t<img width=\"1024\" height=\"349\" src=\"https:\/\/build.cross-dock.hu\/wp-content\/uploads\/2021\/12\/ceginformacio-img-1024x349.jpg\" alt=\"\" loading=\"lazy\" srcset=\"https:\/\/build.cross-dock.hu\/wp-content\/uploads\/2021\/12\/ceginformacio-img-1024x349.jpg 1024w, https:\/\/build.cross-dock.hu\/wp-content\/uploads\/2021\/12\/ceginformacio-img-300x102.jpg 300w, https:\/\/build.cross-dock.hu\/wp-content\/uploads\/2021\/12\/ceginformacio-img-768x262.jpg 768w, https:\/\/build.cross-dock.hu\/wp-content\/uploads\/2021\/12\/ceginformacio-img.jpg 1501w\" sizes=\"(max-width: 1024px) 100vw, 1024px\" \/><br \/>\n\t\t\t\t<svg xmlns=\"http:\/\/www.w3.org\/2000\/svg\" width=\"32\" height=\"32\" viewBox=\"0 0 32 32\" fill=\"none\"><path d=\"M11.08 13.72L9.4 15.4L14.8 20.8L26.8 8.8L25.12 7.12L14.8 17.44L11.08 13.72ZM25.6 16C25.6 21.28 21.28 25.6 16 25.6C10.72 25.6 6.4 21.28 6.4 16C6.4 10.72 10.72 6.4 16 6.4C16.96 6.4 17.8 6.52 18.64 6.76L20.56 4.84C19.12 4.36 17.56 4 16 4C9.4 4 4 9.4 4 16C4 22.6 9.4 28 16 28C22.6 28 28 22.6 28 16H25.6Z\" fill=\"#E31E24\"><\/path><\/svg>\t\t\t\t<\/p>\n<h3>\n\t\t\t\t\t\tA Cross \u2013 Dock Kft fizet\u00e9si indexe 90 %-os, azaz a 10 -es sk\u00e1l\u00e1n 9-es fokozat\u00fa.<br \/>\n\t\t\t\t<\/h3>\n<p>\t\t\t\t<svg xmlns=\"http:\/\/www.w3.org\/2000\/svg\" width=\"32\" height=\"32\" viewBox=\"0 0 32 32\" fill=\"none\"><path d=\"M11.08 13.72L9.4 15.4L14.8 20.8L26.8 8.8L25.12 7.12L14.8 17.44L11.08 13.72ZM25.6 16C25.6 21.28 21.28 25.6 16 25.6C10.72 25.6 6.4 21.28 6.4 16C6.4 10.72 10.72 6.4 16 6.4C16.96 6.4 17.8 6.52 18.64 6.76L20.56 4.84C19.12 4.36 17.56 4 16 4C9.4 4 4 9.4 4 16C4 22.6 9.4 28 16 28C22.6 28 28 22.6 28 16H25.6Z\" fill=\"#E31E24\"><\/path><\/svg>\t\t\t\t<\/p>\n<h3>\n\t\t\t\t\t\tV\u00e1llalkoz\u00e1sunk hitelkock\u00e1zati \u00e9rt\u00e9kel\u00e9se k\u00e9tszeresen jobb, mint a szektor\u00e1nak kock\u00e1zati besorol\u00e1sa.<br \/>\n\t\t\t\t<\/h3>\n<p>\t\t\t\t<svg xmlns=\"http:\/\/www.w3.org\/2000\/svg\" width=\"32\" height=\"32\" viewBox=\"0 0 32 32\" fill=\"none\"><path d=\"M11.08 13.72L9.4 15.4L14.8 20.8L26.8 8.8L25.12 7.12L14.8 17.44L11.08 13.72ZM25.6 16C25.6 21.28 21.28 25.6 16 25.6C10.72 25.6 6.4 21.28 6.4 16C6.4 10.72 10.72 6.4 16 6.4C16.96 6.4 17.8 6.52 18.64 6.76L20.56 4.84C19.12 4.36 17.56 4 16 4C9.4 4 4 9.4 4 16C4 22.6 9.4 28 16 28C22.6 28 28 22.6 28 16H25.6Z\" fill=\"#E31E24\"><\/path><\/svg>\t\t\t\t<\/p>\n<h3>\n\t\t\t\t\t\tFizet\u00e9si k\u00e9pess\u00e9ge szerint a legkedvez\u0151bb kateg\u00f3ri\u00e1ba sorolja c\u00e9g\u00fcnket a Coface hitelbiztos\u00edt\u00f3.<br \/>\n\t\t\t\t<\/h3>\n<h2>Kisz\u00e1m\u00edthat\u00f3 fuvarszervez\u00e9s\u00fcnk az esem\u00e9nyalap\u00fa j\u00e1ratinform\u00e1ci\u00f3ink megoszt\u00e1s\u00e1val j\u00f6n l\u00e9tre.<\/h2>\n<p>L\u00e9pj kapcsolatba vel\u00fcnk, ha az eml\u00edtett viszonylatok b\u00e1rmelyik\u00e9vel van dolgod, mert H\u00cdD -at k\u00e9pez\u00fcnk Eur\u00f3pa \u00e9s a Balk\u00e1n k\u00f6z\u00f6tt.<\/p>\n<p>\t\t\t<a href=\"https:\/\/build.cross-dock.hu\/index.php\/kapcsolat\/\" role=\"button\"><br \/>\n\t\t\t\t\t\t\u00c9rdekel<br \/>\n\t\t\t\t\t<\/a><br \/>\n\t\t\t\t\t\t\t\t\t\t\t\t\t\t\t<img width=\"686\" height=\"790\" src=\"https:\/\/build.cross-dock.hu\/wp-content\/uploads\/2021\/12\/cta_img2.jpg\" alt=\"\" loading=\"lazy\" srcset=\"https:\/\/build.cross-dock.hu\/wp-content\/uploads\/2021\/12\/cta_img2.jpg 686w, https:\/\/build.cross-dock.hu\/wp-content\/uploads\/2021\/12\/cta_img2-261x300.jpg 261w\" sizes=\"(max-width: 686px) 100vw, 686px\" \/><br \/>\n\t\t\t\t\t\t\t\t\t\t\t\t\t\t\t<img width=\"666\" height=\"446\" src=\"https:\/\/build.cross-dock.hu\/wp-content\/uploads\/2021\/12\/cta-block-img_mobile.jpg\" alt=\"\" loading=\"lazy\" srcset=\"https:\/\/build.cross-dock.hu\/wp-content\/uploads\/2021\/12\/cta-block-img_mobile.jpg 666w, https:\/\/build.cross-dock.hu\/wp-content\/uploads\/2021\/12\/cta-block-img_mobile-300x201.jpg 300w\" sizes=\"(max-width: 666px) 100vw, 666px\" \/><br \/>\n\t\t\t\t\t\t\t\t\t\t\t\t\t\t\t<img src=\"https:\/\/build.cross-dock.hu\/wp-content\/uploads\/2021\/12\/cta_decor.svg\" alt=\"\" loading=\"lazy\" height=\"142\" width=\"563\" \/><\/p>\n","protected":false},"excerpt":{"rendered":"<p>R\u00f3lunk Szolg\u00e1ltat\u00e1saink Belf\u00f6ldi Sz\u00e1ll\u00edtm\u00e1nyoz\u00e1s Nemzetk\u00f6zi Sz\u00e1ll\u00edtm\u00e1nyoz\u00e1s Rakt\u00e1roz\u00e1s Tan\u00e1csad\u00e1s Let\u00f6lt\u00e9sek Cross-Dock Kft. riport C\u00e9g\u00fcnk: Az aktu\u00e1lis hitelbiztos\u00edt\u00f3i meg\u00edt\u00e9l\u00e9s alapj\u00e1n a Cross-Dock Kft alacsony p\u00e9nz\u00fcgyi kock\u00e1zat\u00fa kateg\u00f3ri\u00e1ba tartozik. Ez a sz\u00e1ll\u00edtm\u00e1nyoz\u00e1sban nagyon j\u00f3 eredm\u00e9ny, mert a hazai sz\u00e1ll\u00edtm\u00e1nyoz\u00f3 c\u00e9geknek mind\u00f6ssze 15,5 %-a rendelkezik ilyen j\u00f3 kock\u00e1zati besorol\u00e1ssal. A Cross \u2013 Dock Kft fizet\u00e9si indexe 90 %-os, azaz &hellip;<\/p>\n<p class=\"read-more\"> <a class=\"\" href=\"https:\/\/build.cross-dock.hu\/index.php\/ceginformacio\/\"> <span class=\"screen-reader-text\">C\u00e9ginform\u00e1ci\u00f3<\/span> Read More &raquo;<\/a><\/p>\n","protected":false},"author":1,"featured_media":0,"parent":0,"menu_order":0,"comment_status":"closed","ping_status":"closed","template":"","meta":{"site-sidebar-layout":"no-sidebar","site-content-layout":"page-builder","ast-main-header-display":"","ast-hfb-above-header-display":"","ast-hfb-below-header-display":"","ast-hfb-mobile-header-display":"","site-post-title":"disabled","ast-breadcrumbs-content":"","ast-featured-img":"disabled","footer-sml-layout":"","theme-transparent-header-meta":"","adv-header-id-meta":"","stick-header-meta":"","header-above-stick-meta":"","header-main-stick-meta":"","header-below-stick-meta":""},"yoast_head":"<!-- This site is optimized with the Yoast SEO plugin v17.8 - https:\/\/yoast.com\/wordpress\/plugins\/seo\/ -->\n<title>C\u00e9ginform\u00e1ci\u00f3 - Cross-Dock Logisztikai Kft.<\/title>\n<meta name=\"robots\" content=\"index, follow, max-snippet:-1, max-image-preview:large, max-video-preview:-1\" \/>\n<link rel=\"canonical\" href=\"https:\/\/build.cross-dock.hu\/index.php\/ceginformacio\/\" \/>\n<meta property=\"og:locale\" content=\"en_US\" \/>\n<meta property=\"og:type\" content=\"article\" \/>\n<meta property=\"og:title\" content=\"C\u00e9ginform\u00e1ci\u00f3 - Cross-Dock Logisztikai Kft.\" \/>\n<meta property=\"og:description\" content=\"R\u00f3lunk Szolg\u00e1ltat\u00e1saink Belf\u00f6ldi Sz\u00e1ll\u00edtm\u00e1nyoz\u00e1s Nemzetk\u00f6zi Sz\u00e1ll\u00edtm\u00e1nyoz\u00e1s Rakt\u00e1roz\u00e1s Tan\u00e1csad\u00e1s Let\u00f6lt\u00e9sek Cross-Dock Kft. riport C\u00e9g\u00fcnk: Az aktu\u00e1lis hitelbiztos\u00edt\u00f3i meg\u00edt\u00e9l\u00e9s alapj\u00e1n a Cross-Dock Kft alacsony p\u00e9nz\u00fcgyi kock\u00e1zat\u00fa kateg\u00f3ri\u00e1ba tartozik. Ez a sz\u00e1ll\u00edtm\u00e1nyoz\u00e1sban nagyon j\u00f3 eredm\u00e9ny, mert a hazai sz\u00e1ll\u00edtm\u00e1nyoz\u00f3 c\u00e9geknek mind\u00f6ssze 15,5 %-a rendelkezik ilyen j\u00f3 kock\u00e1zati besorol\u00e1ssal. A Cross \u2013 Dock Kft fizet\u00e9si indexe 90 %-os, azaz &hellip; C\u00e9ginform\u00e1ci\u00f3 Read More &raquo;\" \/>\n<meta property=\"og:url\" content=\"https:\/\/build.cross-dock.hu\/index.php\/ceginformacio\/\" \/>\n<meta property=\"og:site_name\" content=\"Cross-Dock Logisztikai Kft.\" \/>\n<meta property=\"article:modified_time\" content=\"2022-01-05T22:00:57+00:00\" \/>\n<meta property=\"og:image\" content=\"https:\/\/build.cross-dock.hu\/wp-content\/uploads\/2021\/12\/ceginformacio-img-1024x349.jpg\" \/>\n<meta name=\"twitter:card\" content=\"summary_large_image\" \/>\n<meta name=\"twitter:label1\" content=\"Est. reading time\" \/>\n\t<meta name=\"twitter:data1\" content=\"2 minutes\" \/>\n<script type=\"application\/ld+json\" class=\"yoast-schema-graph\">{\"@context\":\"https:\/\/schema.org\",\"@graph\":[{\"@type\":\"WebSite\",\"@id\":\"https:\/\/build.cross-dock.hu\/#website\",\"url\":\"https:\/\/build.cross-dock.hu\/\",\"name\":\"Cross-Dock Logisztikai Kft.\",\"description\":\"\",\"potentialAction\":[{\"@type\":\"SearchAction\",\"target\":{\"@type\":\"EntryPoint\",\"urlTemplate\":\"https:\/\/build.cross-dock.hu\/?s={search_term_string}\"},\"query-input\":\"required name=search_term_string\"}],\"inLanguage\":\"en-US\"},{\"@type\":\"ImageObject\",\"@id\":\"https:\/\/build.cross-dock.hu\/index.php\/ceginformacio\/#primaryimage\",\"inLanguage\":\"en-US\",\"url\":\"https:\/\/build.cross-dock.hu\/wp-content\/uploads\/2021\/12\/ceginformacio-img.jpg\",\"contentUrl\":\"https:\/\/build.cross-dock.hu\/wp-content\/uploads\/2021\/12\/ceginformacio-img.jpg\",\"width\":1501,\"height\":512},{\"@type\":\"WebPage\",\"@id\":\"https:\/\/build.cross-dock.hu\/index.php\/ceginformacio\/#webpage\",\"url\":\"https:\/\/build.cross-dock.hu\/index.php\/ceginformacio\/\",\"name\":\"C\\u00e9ginform\\u00e1ci\\u00f3 - Cross-Dock Logisztikai Kft.\",\"isPartOf\":{\"@id\":\"https:\/\/build.cross-dock.hu\/#website\"},\"primaryImageOfPage\":{\"@id\":\"https:\/\/build.cross-dock.hu\/index.php\/ceginformacio\/#primaryimage\"},\"datePublished\":\"2021-12-21T21:31:21+00:00\",\"dateModified\":\"2022-01-05T22:00:57+00:00\",\"breadcrumb\":{\"@id\":\"https:\/\/build.cross-dock.hu\/index.php\/ceginformacio\/#breadcrumb\"},\"inLanguage\":\"en-US\",\"potentialAction\":[{\"@type\":\"ReadAction\",\"target\":[\"https:\/\/build.cross-dock.hu\/index.php\/ceginformacio\/\"]}]},{\"@type\":\"BreadcrumbList\",\"@id\":\"https:\/\/build.cross-dock.hu\/index.php\/ceginformacio\/#breadcrumb\",\"itemListElement\":[{\"@type\":\"ListItem\",\"position\":1,\"name\":\"Home\",\"item\":\"https:\/\/build.cross-dock.hu\/\"},{\"@type\":\"ListItem\",\"position\":2,\"name\":\"C\\u00e9ginform\\u00e1ci\\u00f3\"}]}]}<\/script>\n<!-- \/ Yoast SEO plugin. -->","yoast_head_json":{"title":"C\u00e9ginform\u00e1ci\u00f3 - Cross-Dock Logisztikai Kft.","robots":{"index":"index","follow":"follow","max-snippet":"max-snippet:-1","max-image-preview":"max-image-preview:large","max-video-preview":"max-video-preview:-1"},"canonical":"https:\/\/build.cross-dock.hu\/index.php\/ceginformacio\/","og_locale":"en_US","og_type":"article","og_title":"C\u00e9ginform\u00e1ci\u00f3 - Cross-Dock Logisztikai Kft.","og_description":"R\u00f3lunk Szolg\u00e1ltat\u00e1saink Belf\u00f6ldi Sz\u00e1ll\u00edtm\u00e1nyoz\u00e1s Nemzetk\u00f6zi Sz\u00e1ll\u00edtm\u00e1nyoz\u00e1s Rakt\u00e1roz\u00e1s Tan\u00e1csad\u00e1s Let\u00f6lt\u00e9sek Cross-Dock Kft. riport C\u00e9g\u00fcnk: Az aktu\u00e1lis hitelbiztos\u00edt\u00f3i meg\u00edt\u00e9l\u00e9s alapj\u00e1n a Cross-Dock Kft alacsony p\u00e9nz\u00fcgyi kock\u00e1zat\u00fa kateg\u00f3ri\u00e1ba tartozik. Ez a sz\u00e1ll\u00edtm\u00e1nyoz\u00e1sban nagyon j\u00f3 eredm\u00e9ny, mert a hazai sz\u00e1ll\u00edtm\u00e1nyoz\u00f3 c\u00e9geknek mind\u00f6ssze 15,5 %-a rendelkezik ilyen j\u00f3 kock\u00e1zati besorol\u00e1ssal. A Cross \u2013 Dock Kft fizet\u00e9si indexe 90 %-os, azaz &hellip; C\u00e9ginform\u00e1ci\u00f3 Read More &raquo;","og_url":"https:\/\/build.cross-dock.hu\/index.php\/ceginformacio\/","og_site_name":"Cross-Dock Logisztikai Kft.","article_modified_time":"2022-01-05T22:00:57+00:00","og_image":[{"url":"https:\/\/build.cross-dock.hu\/wp-content\/uploads\/2021\/12\/ceginformacio-img-1024x349.jpg"}],"twitter_card":"summary_large_image","twitter_misc":{"Est. reading time":"2 minutes"},"schema":{"@context":"https:\/\/schema.org","@graph":[{"@type":"WebSite","@id":"https:\/\/build.cross-dock.hu\/#website","url":"https:\/\/build.cross-dock.hu\/","name":"Cross-Dock Logisztikai Kft.","description":"","potentialAction":[{"@type":"SearchAction","target":{"@type":"EntryPoint","urlTemplate":"https:\/\/build.cross-dock.hu\/?s={search_term_string}"},"query-input":"required name=search_term_string"}],"inLanguage":"en-US"},{"@type":"ImageObject","@id":"https:\/\/build.cross-dock.hu\/index.php\/ceginformacio\/#primaryimage","inLanguage":"en-US","url":"https:\/\/build.cross-dock.hu\/wp-content\/uploads\/2021\/12\/ceginformacio-img.jpg","contentUrl":"https:\/\/build.cross-dock.hu\/wp-content\/uploads\/2021\/12\/ceginformacio-img.jpg","width":1501,"height":512},{"@type":"WebPage","@id":"https:\/\/build.cross-dock.hu\/index.php\/ceginformacio\/#webpage","url":"https:\/\/build.cross-dock.hu\/index.php\/ceginformacio\/","name":"C\u00e9ginform\u00e1ci\u00f3 - Cross-Dock Logisztikai Kft.","isPartOf":{"@id":"https:\/\/build.cross-dock.hu\/#website"},"primaryImageOfPage":{"@id":"https:\/\/build.cross-dock.hu\/index.php\/ceginformacio\/#primaryimage"},"datePublished":"2021-12-21T21:31:21+00:00","dateModified":"2022-01-05T22:00:57+00:00","breadcrumb":{"@id":"https:\/\/build.cross-dock.hu\/index.php\/ceginformacio\/#breadcrumb"},"inLanguage":"en-US","potentialAction":[{"@type":"ReadAction","target":["https:\/\/build.cross-dock.hu\/index.php\/ceginformacio\/"]}]},{"@type":"BreadcrumbList","@id":"https:\/\/build.cross-dock.hu\/index.php\/ceginformacio\/#breadcrumb","itemListElement":[{"@type":"ListItem","position":1,"name":"Home","item":"https:\/\/build.cross-dock.hu\/"},{"@type":"ListItem","position":2,"name":"C\u00e9ginform\u00e1ci\u00f3"}]}]}},"_links":{"self":[{"href":"https:\/\/build.cross-dock.hu\/index.php\/wp-json\/wp\/v2\/pages\/92"}],"collection":[{"href":"https:\/\/build.cross-dock.hu\/index.php\/wp-json\/wp\/v2\/pages"}],"about":[{"href":"https:\/\/build.cross-dock.hu\/index.php\/wp-json\/wp\/v2\/types\/page"}],"author":[{"embeddable":true,"href":"https:\/\/build.cross-dock.hu\/index.php\/wp-json\/wp\/v2\/users\/1"}],"replies":[{"embeddable":true,"href":"https:\/\/build.cross-dock.hu\/index.php\/wp-json\/wp\/v2\/comments?post=92"}],"version-history":[{"count":19,"href":"https:\/\/build.cross-dock.hu\/index.php\/wp-json\/wp\/v2\/pages\/92\/revisions"}],"predecessor-version":[{"id":856,"href":"https:\/\/build.cross-dock.hu\/index.php\/wp-json\/wp\/v2\/pages\/92\/revisions\/856"}],"wp:attachment":[{"href":"https:\/\/build.cross-dock.hu\/index.php\/wp-json\/wp\/v2\/media?parent=92"}],"curies":[{"name":"wp","href":"https:\/\/api.w.org\/{rel}","templated":true}]}}