{"id":90,"date":"2021-12-21T21:31:06","date_gmt":"2021-12-21T21:31:06","guid":{"rendered":"https:\/\/build.cross-dock.hu\/?page_id=90"},"modified":"2022-01-05T21:53:56","modified_gmt":"2022-01-05T21:53:56","slug":"rolunk","status":"publish","type":"page","link":"https:\/\/build.cross-dock.hu\/index.php\/rolunk\/","title":{"rendered":"R\u00f3lunk"},"content":{"rendered":"<h2>R\u00f3lunk<\/h2>\n<h2>Szolg\u00e1ltat\u00e1saink<\/h2>\n<p>\t\t\t<a href=\"https:\/\/build.cross-dock.hu\/index.php\/belfoldi-szallitmanyozas\/\" role=\"button\"><br \/>\n\t\t\t\t\t\tBelf\u00f6ldi Sz\u00e1ll\u00edtm\u00e1nyoz\u00e1s<br \/>\n\t\t\t\t\t<\/a><br \/>\n\t\t\t<a href=\"https:\/\/build.cross-dock.hu\/index.php\/nemzetkozi-szallitmanyozas\/\" role=\"button\"><br \/>\n\t\t\t\t\t\tNemzetk\u00f6zi Sz\u00e1ll\u00edtm\u00e1nyoz\u00e1s<br \/>\n\t\t\t\t\t<\/a><br \/>\n\t\t\t<a href=\"https:\/\/build.cross-dock.hu\/index.php\/raktarozas\/\" role=\"button\"><br \/>\n\t\t\t\t\t\tRakt\u00e1roz\u00e1s<br \/>\n\t\t\t\t\t<\/a><br \/>\n\t\t\t<a href=\"https:\/\/build.cross-dock.hu\/index.php\/tanacsadas\/\" role=\"button\"><br \/>\n\t\t\t\t\t\tTan\u00e1csad\u00e1s<br \/>\n\t\t\t\t\t<\/a><\/p>\n<h2>Let\u00f6lt\u00e9sek<\/h2>\n<p>\t\t\t<a href=\"#\" role=\"button\"><br \/>\n\t\t\t\t\t\tCross-Dock Kft. riport<br \/>\n\t\t\t\t\t<\/a><\/p>\n<h2>A t\u00f6rt\u00e9net\u00fcnk:<\/h2>\n<p>A mi t\u00f6rt\u00e9net\u00fcnk is egy neh\u00e9z d\u00f6nt\u00e9s meghozatal\u00e1val kezd\u0151d\u00f6tt.<\/p>\n<p>Alkalmazottb\u00f3l v\u00e1llalkoz\u00f3v\u00e1 v\u00e1lni, a null\u00e1r\u00f3l fel\u00e9p\u00edteni az indul\u00f3 c\u00e9gben minden ter\u00fcletet, nem egyszer\u0171.<\/p>\n<p>Volt egy \u00f6tletem a gy\u0171jt\u0151 forgalom szervez\u00e9s\u00e9vel kapcsolatban arr\u00f3l, hogyan lehetne hat\u00e9konyabban int\u00e9zni egy-egy k\u00fcldem\u00e9ny eljut\u00e1s\u00e1t a c\u00edmzettig \u00fagy, hogy kevesebb rakt\u00e1rt \u00e9rintsen.\u00a0<\/p>\n<p>A ki \u00e9s bet\u00e1rol\u00e1sok sz\u00e1m\u00e1t, valamint az \u0151rz\u00e9s idej\u00e9t sz\u00e1nd\u00e9koztam cs\u00f6kkenteni, ami egyszerre j\u00e1rt a gy\u0171jt\u0151forgalom k\u00f6lts\u00e9geinek a cs\u00f6kkent\u00e9s\u00e9vel is.\u00a0<\/p>\n<p>Ebb\u0151l az elk\u00e9pzel\u00e9sb\u0151l sz\u00fcletett a Cross &#8211; Dock Kft.<\/p>\n<p>\t\t\t\t\t\t\t\t\t\t\t\t\t\t\t<img width=\"533\" height=\"680\" src=\"https:\/\/build.cross-dock.hu\/wp-content\/uploads\/2021\/12\/rolunk-img.jpg\" alt=\"\" loading=\"lazy\" srcset=\"https:\/\/build.cross-dock.hu\/wp-content\/uploads\/2021\/12\/rolunk-img.jpg 533w, https:\/\/build.cross-dock.hu\/wp-content\/uploads\/2021\/12\/rolunk-img-235x300.jpg 235w\" sizes=\"(max-width: 533px) 100vw, 533px\" \/>\t\t\t\t\t\t\t\t\t\t\t\t\t\t\t<\/p>\n<p>Ezzel a szervez\u00e9si m\u00f3dszerrel id\u0151 \u00e9s p\u00e9nz megtakar\u00edt\u00e1s, kisebb \u00f6kol\u00f3giai terhel\u00e9s, k\u00f6lts\u00e9g \u00e9s id\u0151hat\u00e9konyabb m\u0171k\u00f6d\u00e9s \u00e9rhet\u0151 el.\u00a0<\/p>\n<p>Az eredeti elk\u00e9pzel\u00e9seimet a gyakorlatunk az\u00f3ta is minden nap igazolja.<\/p>\n<p>Megb\u00edz\u00e1saink kb 40 %-a \u00e9vek \u00f3ta a visszat\u00e9r\u0151 megb\u00edz\u00f3inkt\u00f3l \u00e9rkezik.<\/p>\n<p>Teljes\u00edtm\u00e9nymutat\u00f3kat is alkalmazunk j\u00e1ratainkn\u00e1l \u00fcgyfeleink ig\u00e9nye szerint.\u00a0 (KPI)<\/p>\n<p>Sport klubok edz\u0151t\u00e1boraihoz a n\u00e9lk\u00fcl\u00f6zhetetlen felszerel\u00e9seket id\u0151 \u00e9s k\u00f6lts\u00e9ghat\u00e9konyan sz\u00e1ll\u00edtjuk.<\/p>\n<p>A megl\u00e9v\u0151 spedit\u0151rkapcsolataid mellett egy vonz\u00f3 alternat\u00edv\u00e1t k\u00edn\u00e1lok sz\u00e1modra az al\u00e1bbi rel\u00e1ci\u00f3kban,<\/p>\n<p>\t\t\t\t\t\t\t\t\t\t\t\t\t\t\t<img width=\"400\" height=\"553\" src=\"https:\/\/build.cross-dock.hu\/wp-content\/uploads\/2022\/01\/rolunk-profile.jpg\" alt=\"\" loading=\"lazy\" srcset=\"https:\/\/build.cross-dock.hu\/wp-content\/uploads\/2022\/01\/rolunk-profile.jpg 400w, https:\/\/build.cross-dock.hu\/wp-content\/uploads\/2022\/01\/rolunk-profile-217x300.jpg 217w\" sizes=\"(max-width: 400px) 100vw, 400px\" \/>\t\t\t\t\t\t\t\t\t\t\t\t\t\t\t<\/p>\n<h2>Tam\u00e1s Botond<\/h2>\n<ul>\n<li>\n\t\t\t\t\t\t\t\t\t\t+36 30 123 4567\n\t\t\t\t\t\t\t\t\t<\/li>\n<\/ul>\n<h2>Kisz\u00e1m\u00edthat\u00f3 fuvarszervez\u00e9s\u00fcnk az esem\u00e9nyalap\u00fa j\u00e1ratinform\u00e1ci\u00f3ink megoszt\u00e1s\u00e1val j\u00f6n l\u00e9tre.<\/h2>\n<p>L\u00e9pj kapcsolatba vel\u00fcnk, ha az eml\u00edtett viszonylatok b\u00e1rmelyik\u00e9vel van dolgod, mert H\u00cdD -at k\u00e9pez\u00fcnk Eur\u00f3pa \u00e9s a Balk\u00e1n k\u00f6z\u00f6tt.<\/p>\n<p>\t\t\t<a href=\"https:\/\/build.cross-dock.hu\/index.php\/kapcsolat\/\" role=\"button\"><br \/>\n\t\t\t\t\t\t\u00c9rdekel<br \/>\n\t\t\t\t\t<\/a><br \/>\n\t\t\t\t\t\t\t\t\t\t\t\t\t\t\t<img width=\"686\" height=\"790\" src=\"https:\/\/build.cross-dock.hu\/wp-content\/uploads\/2021\/12\/cta_img2.jpg\" alt=\"\" loading=\"lazy\" srcset=\"https:\/\/build.cross-dock.hu\/wp-content\/uploads\/2021\/12\/cta_img2.jpg 686w, https:\/\/build.cross-dock.hu\/wp-content\/uploads\/2021\/12\/cta_img2-261x300.jpg 261w\" sizes=\"(max-width: 686px) 100vw, 686px\" \/><br \/>\n\t\t\t\t\t\t\t\t\t\t\t\t\t\t\t<img width=\"666\" height=\"446\" src=\"https:\/\/build.cross-dock.hu\/wp-content\/uploads\/2021\/12\/cta-block-img_mobile.jpg\" alt=\"\" loading=\"lazy\" srcset=\"https:\/\/build.cross-dock.hu\/wp-content\/uploads\/2021\/12\/cta-block-img_mobile.jpg 666w, https:\/\/build.cross-dock.hu\/wp-content\/uploads\/2021\/12\/cta-block-img_mobile-300x201.jpg 300w\" sizes=\"(max-width: 666px) 100vw, 666px\" \/><br \/>\n\t\t\t\t\t\t\t\t\t\t\t\t\t\t\t<img src=\"https:\/\/build.cross-dock.hu\/wp-content\/uploads\/2021\/12\/cta_decor.svg\" alt=\"\" loading=\"lazy\" height=\"142\" width=\"563\" \/><\/p>\n","protected":false},"excerpt":{"rendered":"<p>R\u00f3lunk Szolg\u00e1ltat\u00e1saink Belf\u00f6ldi Sz\u00e1ll\u00edtm\u00e1nyoz\u00e1s Nemzetk\u00f6zi Sz\u00e1ll\u00edtm\u00e1nyoz\u00e1s Rakt\u00e1roz\u00e1s Tan\u00e1csad\u00e1s Let\u00f6lt\u00e9sek Cross-Dock Kft. riport A t\u00f6rt\u00e9net\u00fcnk: A mi t\u00f6rt\u00e9net\u00fcnk is egy neh\u00e9z d\u00f6nt\u00e9s meghozatal\u00e1val kezd\u0151d\u00f6tt. Alkalmazottb\u00f3l v\u00e1llalkoz\u00f3v\u00e1 v\u00e1lni, a null\u00e1r\u00f3l fel\u00e9p\u00edteni az indul\u00f3 c\u00e9gben minden ter\u00fcletet, nem egyszer\u0171. Volt egy \u00f6tletem a gy\u0171jt\u0151 forgalom szervez\u00e9s\u00e9vel kapcsolatban arr\u00f3l, hogyan lehetne hat\u00e9konyabban int\u00e9zni egy-egy k\u00fcldem\u00e9ny eljut\u00e1s\u00e1t a c\u00edmzettig \u00fagy, &hellip;<\/p>\n<p class=\"read-more\"> <a class=\"\" href=\"https:\/\/build.cross-dock.hu\/index.php\/rolunk\/\"> <span class=\"screen-reader-text\">R\u00f3lunk<\/span> Read More &raquo;<\/a><\/p>\n","protected":false},"author":1,"featured_media":0,"parent":0,"menu_order":0,"comment_status":"closed","ping_status":"closed","template":"","meta":{"site-sidebar-layout":"no-sidebar","site-content-layout":"page-builder","ast-main-header-display":"","ast-hfb-above-header-display":"","ast-hfb-below-header-display":"","ast-hfb-mobile-header-display":"","site-post-title":"disabled","ast-breadcrumbs-content":"","ast-featured-img":"disabled","footer-sml-layout":"","theme-transparent-header-meta":"","adv-header-id-meta":"","stick-header-meta":"","header-above-stick-meta":"","header-main-stick-meta":"","header-below-stick-meta":""},"yoast_head":"<!-- This site is optimized with the Yoast SEO plugin v17.8 - https:\/\/yoast.com\/wordpress\/plugins\/seo\/ -->\n<title>R\u00f3lunk - Cross-Dock Logisztikai Kft.<\/title>\n<meta name=\"robots\" content=\"index, follow, max-snippet:-1, max-image-preview:large, max-video-preview:-1\" \/>\n<link rel=\"canonical\" href=\"https:\/\/build.cross-dock.hu\/index.php\/rolunk\/\" \/>\n<meta property=\"og:locale\" content=\"en_US\" \/>\n<meta property=\"og:type\" content=\"article\" \/>\n<meta property=\"og:title\" content=\"R\u00f3lunk - Cross-Dock Logisztikai Kft.\" \/>\n<meta property=\"og:description\" content=\"R\u00f3lunk Szolg\u00e1ltat\u00e1saink Belf\u00f6ldi Sz\u00e1ll\u00edtm\u00e1nyoz\u00e1s Nemzetk\u00f6zi Sz\u00e1ll\u00edtm\u00e1nyoz\u00e1s Rakt\u00e1roz\u00e1s Tan\u00e1csad\u00e1s Let\u00f6lt\u00e9sek Cross-Dock Kft. riport A t\u00f6rt\u00e9net\u00fcnk: A mi t\u00f6rt\u00e9net\u00fcnk is egy neh\u00e9z d\u00f6nt\u00e9s meghozatal\u00e1val kezd\u0151d\u00f6tt. Alkalmazottb\u00f3l v\u00e1llalkoz\u00f3v\u00e1 v\u00e1lni, a null\u00e1r\u00f3l fel\u00e9p\u00edteni az indul\u00f3 c\u00e9gben minden ter\u00fcletet, nem egyszer\u0171. Volt egy \u00f6tletem a gy\u0171jt\u0151 forgalom szervez\u00e9s\u00e9vel kapcsolatban arr\u00f3l, hogyan lehetne hat\u00e9konyabban int\u00e9zni egy-egy k\u00fcldem\u00e9ny eljut\u00e1s\u00e1t a c\u00edmzettig \u00fagy, &hellip; R\u00f3lunk Read More &raquo;\" \/>\n<meta property=\"og:url\" content=\"https:\/\/build.cross-dock.hu\/index.php\/rolunk\/\" \/>\n<meta property=\"og:site_name\" content=\"Cross-Dock Logisztikai Kft.\" \/>\n<meta property=\"article:modified_time\" content=\"2022-01-05T21:53:56+00:00\" \/>\n<meta property=\"og:image\" content=\"https:\/\/build.cross-dock.hu\/wp-content\/uploads\/2021\/12\/rolunk-img.jpg\" \/>\n<meta name=\"twitter:card\" content=\"summary_large_image\" \/>\n<meta name=\"twitter:label1\" content=\"Est. reading time\" \/>\n\t<meta name=\"twitter:data1\" content=\"2 minutes\" \/>\n<script type=\"application\/ld+json\" class=\"yoast-schema-graph\">{\"@context\":\"https:\/\/schema.org\",\"@graph\":[{\"@type\":\"WebSite\",\"@id\":\"https:\/\/build.cross-dock.hu\/#website\",\"url\":\"https:\/\/build.cross-dock.hu\/\",\"name\":\"Cross-Dock Logisztikai Kft.\",\"description\":\"\",\"potentialAction\":[{\"@type\":\"SearchAction\",\"target\":{\"@type\":\"EntryPoint\",\"urlTemplate\":\"https:\/\/build.cross-dock.hu\/?s={search_term_string}\"},\"query-input\":\"required name=search_term_string\"}],\"inLanguage\":\"en-US\"},{\"@type\":\"ImageObject\",\"@id\":\"https:\/\/build.cross-dock.hu\/index.php\/rolunk\/#primaryimage\",\"inLanguage\":\"en-US\",\"url\":\"https:\/\/build.cross-dock.hu\/wp-content\/uploads\/2021\/12\/rolunk-img.jpg\",\"contentUrl\":\"https:\/\/build.cross-dock.hu\/wp-content\/uploads\/2021\/12\/rolunk-img.jpg\",\"width\":533,\"height\":680},{\"@type\":\"WebPage\",\"@id\":\"https:\/\/build.cross-dock.hu\/index.php\/rolunk\/#webpage\",\"url\":\"https:\/\/build.cross-dock.hu\/index.php\/rolunk\/\",\"name\":\"R\\u00f3lunk - Cross-Dock Logisztikai Kft.\",\"isPartOf\":{\"@id\":\"https:\/\/build.cross-dock.hu\/#website\"},\"primaryImageOfPage\":{\"@id\":\"https:\/\/build.cross-dock.hu\/index.php\/rolunk\/#primaryimage\"},\"datePublished\":\"2021-12-21T21:31:06+00:00\",\"dateModified\":\"2022-01-05T21:53:56+00:00\",\"breadcrumb\":{\"@id\":\"https:\/\/build.cross-dock.hu\/index.php\/rolunk\/#breadcrumb\"},\"inLanguage\":\"en-US\",\"potentialAction\":[{\"@type\":\"ReadAction\",\"target\":[\"https:\/\/build.cross-dock.hu\/index.php\/rolunk\/\"]}]},{\"@type\":\"BreadcrumbList\",\"@id\":\"https:\/\/build.cross-dock.hu\/index.php\/rolunk\/#breadcrumb\",\"itemListElement\":[{\"@type\":\"ListItem\",\"position\":1,\"name\":\"Home\",\"item\":\"https:\/\/build.cross-dock.hu\/\"},{\"@type\":\"ListItem\",\"position\":2,\"name\":\"R\\u00f3lunk\"}]}]}<\/script>\n<!-- \/ Yoast SEO plugin. -->","yoast_head_json":{"title":"R\u00f3lunk - Cross-Dock Logisztikai Kft.","robots":{"index":"index","follow":"follow","max-snippet":"max-snippet:-1","max-image-preview":"max-image-preview:large","max-video-preview":"max-video-preview:-1"},"canonical":"https:\/\/build.cross-dock.hu\/index.php\/rolunk\/","og_locale":"en_US","og_type":"article","og_title":"R\u00f3lunk - Cross-Dock Logisztikai Kft.","og_description":"R\u00f3lunk Szolg\u00e1ltat\u00e1saink Belf\u00f6ldi Sz\u00e1ll\u00edtm\u00e1nyoz\u00e1s Nemzetk\u00f6zi Sz\u00e1ll\u00edtm\u00e1nyoz\u00e1s Rakt\u00e1roz\u00e1s Tan\u00e1csad\u00e1s Let\u00f6lt\u00e9sek Cross-Dock Kft. riport A t\u00f6rt\u00e9net\u00fcnk: A mi t\u00f6rt\u00e9net\u00fcnk is egy neh\u00e9z d\u00f6nt\u00e9s meghozatal\u00e1val kezd\u0151d\u00f6tt. Alkalmazottb\u00f3l v\u00e1llalkoz\u00f3v\u00e1 v\u00e1lni, a null\u00e1r\u00f3l fel\u00e9p\u00edteni az indul\u00f3 c\u00e9gben minden ter\u00fcletet, nem egyszer\u0171. Volt egy \u00f6tletem a gy\u0171jt\u0151 forgalom szervez\u00e9s\u00e9vel kapcsolatban arr\u00f3l, hogyan lehetne hat\u00e9konyabban int\u00e9zni egy-egy k\u00fcldem\u00e9ny eljut\u00e1s\u00e1t a c\u00edmzettig \u00fagy, &hellip; R\u00f3lunk Read More &raquo;","og_url":"https:\/\/build.cross-dock.hu\/index.php\/rolunk\/","og_site_name":"Cross-Dock Logisztikai Kft.","article_modified_time":"2022-01-05T21:53:56+00:00","og_image":[{"url":"https:\/\/build.cross-dock.hu\/wp-content\/uploads\/2021\/12\/rolunk-img.jpg"}],"twitter_card":"summary_large_image","twitter_misc":{"Est. reading time":"2 minutes"},"schema":{"@context":"https:\/\/schema.org","@graph":[{"@type":"WebSite","@id":"https:\/\/build.cross-dock.hu\/#website","url":"https:\/\/build.cross-dock.hu\/","name":"Cross-Dock Logisztikai Kft.","description":"","potentialAction":[{"@type":"SearchAction","target":{"@type":"EntryPoint","urlTemplate":"https:\/\/build.cross-dock.hu\/?s={search_term_string}"},"query-input":"required name=search_term_string"}],"inLanguage":"en-US"},{"@type":"ImageObject","@id":"https:\/\/build.cross-dock.hu\/index.php\/rolunk\/#primaryimage","inLanguage":"en-US","url":"https:\/\/build.cross-dock.hu\/wp-content\/uploads\/2021\/12\/rolunk-img.jpg","contentUrl":"https:\/\/build.cross-dock.hu\/wp-content\/uploads\/2021\/12\/rolunk-img.jpg","width":533,"height":680},{"@type":"WebPage","@id":"https:\/\/build.cross-dock.hu\/index.php\/rolunk\/#webpage","url":"https:\/\/build.cross-dock.hu\/index.php\/rolunk\/","name":"R\u00f3lunk - Cross-Dock Logisztikai Kft.","isPartOf":{"@id":"https:\/\/build.cross-dock.hu\/#website"},"primaryImageOfPage":{"@id":"https:\/\/build.cross-dock.hu\/index.php\/rolunk\/#primaryimage"},"datePublished":"2021-12-21T21:31:06+00:00","dateModified":"2022-01-05T21:53:56+00:00","breadcrumb":{"@id":"https:\/\/build.cross-dock.hu\/index.php\/rolunk\/#breadcrumb"},"inLanguage":"en-US","potentialAction":[{"@type":"ReadAction","target":["https:\/\/build.cross-dock.hu\/index.php\/rolunk\/"]}]},{"@type":"BreadcrumbList","@id":"https:\/\/build.cross-dock.hu\/index.php\/rolunk\/#breadcrumb","itemListElement":[{"@type":"ListItem","position":1,"name":"Home","item":"https:\/\/build.cross-dock.hu\/"},{"@type":"ListItem","position":2,"name":"R\u00f3lunk"}]}]}},"_links":{"self":[{"href":"https:\/\/build.cross-dock.hu\/index.php\/wp-json\/wp\/v2\/pages\/90"}],"collection":[{"href":"https:\/\/build.cross-dock.hu\/index.php\/wp-json\/wp\/v2\/pages"}],"about":[{"href":"https:\/\/build.cross-dock.hu\/index.php\/wp-json\/wp\/v2\/types\/page"}],"author":[{"embeddable":true,"href":"https:\/\/build.cross-dock.hu\/index.php\/wp-json\/wp\/v2\/users\/1"}],"replies":[{"embeddable":true,"href":"https:\/\/build.cross-dock.hu\/index.php\/wp-json\/wp\/v2\/comments?post=90"}],"version-history":[{"count":47,"href":"https:\/\/build.cross-dock.hu\/index.php\/wp-json\/wp\/v2\/pages\/90\/revisions"}],"predecessor-version":[{"id":847,"href":"https:\/\/build.cross-dock.hu\/index.php\/wp-json\/wp\/v2\/pages\/90\/revisions\/847"}],"wp:attachment":[{"href":"https:\/\/build.cross-dock.hu\/index.php\/wp-json\/wp\/v2\/media?parent=90"}],"curies":[{"name":"wp","href":"https:\/\/api.w.org\/{rel}","templated":true}]}}