{"id":88,"date":"2021-12-21T21:30:57","date_gmt":"2021-12-21T21:30:57","guid":{"rendered":"https:\/\/build.cross-dock.hu\/?page_id=88"},"modified":"2021-12-30T21:14:20","modified_gmt":"2021-12-30T21:14:20","slug":"jarmupark","status":"publish","type":"page","link":"https:\/\/build.cross-dock.hu\/index.php\/jarmupark\/","title":{"rendered":"J\u00e1rm\u0171park"},"content":{"rendered":"<h2>J\u00e1rm\u0171park<\/h2>\n<h2>J\u00e1rm\u0171parkunk rendelkez\u00e9sedre \u00e1ll az \u00e9v b\u00e1rmely szak\u00e1ban<\/h2>\n<p>\t\t\t\t\t\t\t\t\t\t\t\t\t\t\t<img width=\"990\" height=\"750\" src=\"https:\/\/build.cross-dock.hu\/wp-content\/uploads\/2021\/12\/ponyvas-nyerges-mega.jpg\" alt=\"\" loading=\"lazy\" srcset=\"https:\/\/build.cross-dock.hu\/wp-content\/uploads\/2021\/12\/ponyvas-nyerges-mega.jpg 990w, https:\/\/build.cross-dock.hu\/wp-content\/uploads\/2021\/12\/ponyvas-nyerges-mega-300x227.jpg 300w, https:\/\/build.cross-dock.hu\/wp-content\/uploads\/2021\/12\/ponyvas-nyerges-mega-768x582.jpg 768w\" sizes=\"(max-width: 990px) 100vw, 990px\" \/>\t\t\t\t\t\t\t\t\t\t\t\t\t\t\t<\/p>\n<h2>1 db ponyv\u00e1s nyerges Mega szerelv\u00e9ny, 100 m3<\/h2>\n<p>\t\t\t\t\t\t\t\t\t\t\t\t\t\t\t<img width=\"990\" height=\"750\" src=\"https:\/\/build.cross-dock.hu\/wp-content\/uploads\/2021\/12\/ponyvas-normal-nyerges.jpg\" alt=\"\" loading=\"lazy\" srcset=\"https:\/\/build.cross-dock.hu\/wp-content\/uploads\/2021\/12\/ponyvas-normal-nyerges.jpg 990w, https:\/\/build.cross-dock.hu\/wp-content\/uploads\/2021\/12\/ponyvas-normal-nyerges-300x227.jpg 300w, https:\/\/build.cross-dock.hu\/wp-content\/uploads\/2021\/12\/ponyvas-normal-nyerges-768x582.jpg 768w\" sizes=\"(max-width: 990px) 100vw, 990px\" \/>\t\t\t\t\t\t\t\t\t\t\t\t\t\t\t<\/p>\n<h2>2 db ponyv\u00e1s norm\u00e1l nyerges szerelv\u00e9ny 80 m3<\/h2>\n<p>\t\t\t\t\t\t\t\t\t\t\t\t\t\t\t<img width=\"990\" height=\"750\" src=\"https:\/\/build.cross-dock.hu\/wp-content\/uploads\/2021\/12\/nyerges-huto.jpg\" alt=\"\" loading=\"lazy\" srcset=\"https:\/\/build.cross-dock.hu\/wp-content\/uploads\/2021\/12\/nyerges-huto.jpg 990w, https:\/\/build.cross-dock.hu\/wp-content\/uploads\/2021\/12\/nyerges-huto-300x227.jpg 300w, https:\/\/build.cross-dock.hu\/wp-content\/uploads\/2021\/12\/nyerges-huto-768x582.jpg 768w\" sizes=\"(max-width: 990px) 100vw, 990px\" \/>\t\t\t\t\t\t\t\t\t\t\t\t\t\t\t<\/p>\n<h2>1 db nyerges h\u0171t\u0151 szerelv\u00e9ny<\/h2>\n<p>\t\t\t\t\t\t\t\t\t\t\t\t\t\t\t<img width=\"991\" height=\"750\" src=\"https:\/\/build.cross-dock.hu\/wp-content\/uploads\/2021\/12\/ponyvas.jpg\" alt=\"\" loading=\"lazy\" srcset=\"https:\/\/build.cross-dock.hu\/wp-content\/uploads\/2021\/12\/ponyvas.jpg 991w, https:\/\/build.cross-dock.hu\/wp-content\/uploads\/2021\/12\/ponyvas-300x227.jpg 300w, https:\/\/build.cross-dock.hu\/wp-content\/uploads\/2021\/12\/ponyvas-768x581.jpg 768w\" sizes=\"(max-width: 991px) 100vw, 991px\" \/>\t\t\t\t\t\t\t\t\t\t\t\t\t\t\t<\/p>\n<h2>2 db ponyv\u00e1s, 12 tonn\u00e1s tgk<\/h2>\n<h2>Kisz\u00e1m\u00edthat\u00f3 fuvarszervez\u00e9s\u00fcnk az esem\u00e9nyalap\u00fa j\u00e1ratinform\u00e1ci\u00f3ink megoszt\u00e1s\u00e1val j\u00f6n l\u00e9tre.<\/h2>\n<p>L\u00e9pj kapcsolatba vel\u00fcnk, ha az eml\u00edtett viszonylatok b\u00e1rmelyik\u00e9vel van dolgod, mert H\u00cdD -at k\u00e9pez\u00fcnk Eur\u00f3pa \u00e9s a Balk\u00e1n k\u00f6z\u00f6tt.<\/p>\n<p>\t\t\t<a href=\"https:\/\/build.cross-dock.hu\/index.php\/kapcsolat\/\" role=\"button\"><br \/>\n\t\t\t\t\t\t\u00c9rdekel<br \/>\n\t\t\t\t\t<\/a><br \/>\n\t\t\t\t\t\t\t\t\t\t\t\t\t\t\t<img width=\"686\" height=\"790\" src=\"https:\/\/build.cross-dock.hu\/wp-content\/uploads\/2021\/12\/cta_img2.jpg\" alt=\"\" loading=\"lazy\" srcset=\"https:\/\/build.cross-dock.hu\/wp-content\/uploads\/2021\/12\/cta_img2.jpg 686w, https:\/\/build.cross-dock.hu\/wp-content\/uploads\/2021\/12\/cta_img2-261x300.jpg 261w\" sizes=\"(max-width: 686px) 100vw, 686px\" \/><br \/>\n\t\t\t\t\t\t\t\t\t\t\t\t\t\t\t<img width=\"666\" height=\"446\" src=\"https:\/\/build.cross-dock.hu\/wp-content\/uploads\/2021\/12\/cta-block-img_mobile.jpg\" alt=\"\" loading=\"lazy\" srcset=\"https:\/\/build.cross-dock.hu\/wp-content\/uploads\/2021\/12\/cta-block-img_mobile.jpg 666w, https:\/\/build.cross-dock.hu\/wp-content\/uploads\/2021\/12\/cta-block-img_mobile-300x201.jpg 300w\" sizes=\"(max-width: 666px) 100vw, 666px\" \/><br \/>\n\t\t\t\t\t\t\t\t\t\t\t\t\t\t\t<img src=\"https:\/\/build.cross-dock.hu\/wp-content\/uploads\/2021\/12\/cta_decor.svg\" alt=\"\" loading=\"lazy\" height=\"142\" width=\"563\" \/><\/p>\n","protected":false},"excerpt":{"rendered":"<p>J\u00e1rm\u0171park J\u00e1rm\u0171parkunk rendelkez\u00e9sedre \u00e1ll az \u00e9v b\u00e1rmely szak\u00e1ban 1 db ponyv\u00e1s nyerges Mega szerelv\u00e9ny, 100 m3 2 db ponyv\u00e1s norm\u00e1l nyerges szerelv\u00e9ny 80 m3 1 db nyerges h\u0171t\u0151 szerelv\u00e9ny 2 db ponyv\u00e1s, 12 tonn\u00e1s tgk Kisz\u00e1m\u00edthat\u00f3 fuvarszervez\u00e9s\u00fcnk az esem\u00e9nyalap\u00fa j\u00e1ratinform\u00e1ci\u00f3ink megoszt\u00e1s\u00e1val j\u00f6n l\u00e9tre. L\u00e9pj kapcsolatba vel\u00fcnk, ha az eml\u00edtett viszonylatok b\u00e1rmelyik\u00e9vel van dolgod, mert H\u00cdD &hellip;<\/p>\n<p class=\"read-more\"> <a class=\"\" href=\"https:\/\/build.cross-dock.hu\/index.php\/jarmupark\/\"> <span class=\"screen-reader-text\">J\u00e1rm\u0171park<\/span> Read More &raquo;<\/a><\/p>\n","protected":false},"author":1,"featured_media":0,"parent":0,"menu_order":0,"comment_status":"closed","ping_status":"closed","template":"","meta":{"site-sidebar-layout":"no-sidebar","site-content-layout":"page-builder","ast-main-header-display":"","ast-hfb-above-header-display":"","ast-hfb-below-header-display":"","ast-hfb-mobile-header-display":"","site-post-title":"disabled","ast-breadcrumbs-content":"","ast-featured-img":"disabled","footer-sml-layout":"","theme-transparent-header-meta":"","adv-header-id-meta":"","stick-header-meta":"","header-above-stick-meta":"","header-main-stick-meta":"","header-below-stick-meta":""},"yoast_head":"<!-- This site is optimized with the Yoast SEO plugin v17.8 - https:\/\/yoast.com\/wordpress\/plugins\/seo\/ -->\n<title>J\u00e1rm\u0171park - Cross-Dock Logisztikai Kft.<\/title>\n<meta name=\"robots\" content=\"index, follow, max-snippet:-1, max-image-preview:large, max-video-preview:-1\" \/>\n<link rel=\"canonical\" href=\"https:\/\/build.cross-dock.hu\/index.php\/jarmupark\/\" \/>\n<meta property=\"og:locale\" content=\"en_US\" \/>\n<meta property=\"og:type\" content=\"article\" \/>\n<meta property=\"og:title\" content=\"J\u00e1rm\u0171park - Cross-Dock Logisztikai Kft.\" \/>\n<meta property=\"og:description\" content=\"J\u00e1rm\u0171park J\u00e1rm\u0171parkunk rendelkez\u00e9sedre \u00e1ll az \u00e9v b\u00e1rmely szak\u00e1ban 1 db ponyv\u00e1s nyerges Mega szerelv\u00e9ny, 100 m3 2 db ponyv\u00e1s norm\u00e1l nyerges szerelv\u00e9ny 80 m3 1 db nyerges h\u0171t\u0151 szerelv\u00e9ny 2 db ponyv\u00e1s, 12 tonn\u00e1s tgk Kisz\u00e1m\u00edthat\u00f3 fuvarszervez\u00e9s\u00fcnk az esem\u00e9nyalap\u00fa j\u00e1ratinform\u00e1ci\u00f3ink megoszt\u00e1s\u00e1val j\u00f6n l\u00e9tre. L\u00e9pj kapcsolatba vel\u00fcnk, ha az eml\u00edtett viszonylatok b\u00e1rmelyik\u00e9vel van dolgod, mert H\u00cdD &hellip; J\u00e1rm\u0171park Read More &raquo;\" \/>\n<meta property=\"og:url\" content=\"https:\/\/build.cross-dock.hu\/index.php\/jarmupark\/\" \/>\n<meta property=\"og:site_name\" content=\"Cross-Dock Logisztikai Kft.\" \/>\n<meta property=\"article:modified_time\" content=\"2021-12-30T21:14:20+00:00\" \/>\n<meta property=\"og:image\" content=\"https:\/\/build.cross-dock.hu\/wp-content\/uploads\/2021\/12\/ponyvas-nyerges-mega.jpg\" \/>\n<meta name=\"twitter:card\" content=\"summary_large_image\" \/>\n<meta name=\"twitter:label1\" content=\"Est. reading time\" \/>\n\t<meta name=\"twitter:data1\" content=\"2 minutes\" \/>\n<script type=\"application\/ld+json\" class=\"yoast-schema-graph\">{\"@context\":\"https:\/\/schema.org\",\"@graph\":[{\"@type\":\"WebSite\",\"@id\":\"https:\/\/build.cross-dock.hu\/#website\",\"url\":\"https:\/\/build.cross-dock.hu\/\",\"name\":\"Cross-Dock Logisztikai Kft.\",\"description\":\"\",\"potentialAction\":[{\"@type\":\"SearchAction\",\"target\":{\"@type\":\"EntryPoint\",\"urlTemplate\":\"https:\/\/build.cross-dock.hu\/?s={search_term_string}\"},\"query-input\":\"required name=search_term_string\"}],\"inLanguage\":\"en-US\"},{\"@type\":\"ImageObject\",\"@id\":\"https:\/\/build.cross-dock.hu\/index.php\/jarmupark\/#primaryimage\",\"inLanguage\":\"en-US\",\"url\":\"https:\/\/build.cross-dock.hu\/wp-content\/uploads\/2021\/12\/ponyvas-nyerges-mega.jpg\",\"contentUrl\":\"https:\/\/build.cross-dock.hu\/wp-content\/uploads\/2021\/12\/ponyvas-nyerges-mega.jpg\",\"width\":990,\"height\":750},{\"@type\":\"WebPage\",\"@id\":\"https:\/\/build.cross-dock.hu\/index.php\/jarmupark\/#webpage\",\"url\":\"https:\/\/build.cross-dock.hu\/index.php\/jarmupark\/\",\"name\":\"J\\u00e1rm\\u0171park - Cross-Dock Logisztikai Kft.\",\"isPartOf\":{\"@id\":\"https:\/\/build.cross-dock.hu\/#website\"},\"primaryImageOfPage\":{\"@id\":\"https:\/\/build.cross-dock.hu\/index.php\/jarmupark\/#primaryimage\"},\"datePublished\":\"2021-12-21T21:30:57+00:00\",\"dateModified\":\"2021-12-30T21:14:20+00:00\",\"breadcrumb\":{\"@id\":\"https:\/\/build.cross-dock.hu\/index.php\/jarmupark\/#breadcrumb\"},\"inLanguage\":\"en-US\",\"potentialAction\":[{\"@type\":\"ReadAction\",\"target\":[\"https:\/\/build.cross-dock.hu\/index.php\/jarmupark\/\"]}]},{\"@type\":\"BreadcrumbList\",\"@id\":\"https:\/\/build.cross-dock.hu\/index.php\/jarmupark\/#breadcrumb\",\"itemListElement\":[{\"@type\":\"ListItem\",\"position\":1,\"name\":\"Home\",\"item\":\"https:\/\/build.cross-dock.hu\/\"},{\"@type\":\"ListItem\",\"position\":2,\"name\":\"J\\u00e1rm\\u0171park\"}]}]}<\/script>\n<!-- \/ Yoast SEO plugin. -->","yoast_head_json":{"title":"J\u00e1rm\u0171park - Cross-Dock Logisztikai Kft.","robots":{"index":"index","follow":"follow","max-snippet":"max-snippet:-1","max-image-preview":"max-image-preview:large","max-video-preview":"max-video-preview:-1"},"canonical":"https:\/\/build.cross-dock.hu\/index.php\/jarmupark\/","og_locale":"en_US","og_type":"article","og_title":"J\u00e1rm\u0171park - Cross-Dock Logisztikai Kft.","og_description":"J\u00e1rm\u0171park J\u00e1rm\u0171parkunk rendelkez\u00e9sedre \u00e1ll az \u00e9v b\u00e1rmely szak\u00e1ban 1 db ponyv\u00e1s nyerges Mega szerelv\u00e9ny, 100 m3 2 db ponyv\u00e1s norm\u00e1l nyerges szerelv\u00e9ny 80 m3 1 db nyerges h\u0171t\u0151 szerelv\u00e9ny 2 db ponyv\u00e1s, 12 tonn\u00e1s tgk Kisz\u00e1m\u00edthat\u00f3 fuvarszervez\u00e9s\u00fcnk az esem\u00e9nyalap\u00fa j\u00e1ratinform\u00e1ci\u00f3ink megoszt\u00e1s\u00e1val j\u00f6n l\u00e9tre. L\u00e9pj kapcsolatba vel\u00fcnk, ha az eml\u00edtett viszonylatok b\u00e1rmelyik\u00e9vel van dolgod, mert H\u00cdD &hellip; J\u00e1rm\u0171park Read More &raquo;","og_url":"https:\/\/build.cross-dock.hu\/index.php\/jarmupark\/","og_site_name":"Cross-Dock Logisztikai Kft.","article_modified_time":"2021-12-30T21:14:20+00:00","og_image":[{"url":"https:\/\/build.cross-dock.hu\/wp-content\/uploads\/2021\/12\/ponyvas-nyerges-mega.jpg"}],"twitter_card":"summary_large_image","twitter_misc":{"Est. reading time":"2 minutes"},"schema":{"@context":"https:\/\/schema.org","@graph":[{"@type":"WebSite","@id":"https:\/\/build.cross-dock.hu\/#website","url":"https:\/\/build.cross-dock.hu\/","name":"Cross-Dock Logisztikai Kft.","description":"","potentialAction":[{"@type":"SearchAction","target":{"@type":"EntryPoint","urlTemplate":"https:\/\/build.cross-dock.hu\/?s={search_term_string}"},"query-input":"required name=search_term_string"}],"inLanguage":"en-US"},{"@type":"ImageObject","@id":"https:\/\/build.cross-dock.hu\/index.php\/jarmupark\/#primaryimage","inLanguage":"en-US","url":"https:\/\/build.cross-dock.hu\/wp-content\/uploads\/2021\/12\/ponyvas-nyerges-mega.jpg","contentUrl":"https:\/\/build.cross-dock.hu\/wp-content\/uploads\/2021\/12\/ponyvas-nyerges-mega.jpg","width":990,"height":750},{"@type":"WebPage","@id":"https:\/\/build.cross-dock.hu\/index.php\/jarmupark\/#webpage","url":"https:\/\/build.cross-dock.hu\/index.php\/jarmupark\/","name":"J\u00e1rm\u0171park - Cross-Dock Logisztikai Kft.","isPartOf":{"@id":"https:\/\/build.cross-dock.hu\/#website"},"primaryImageOfPage":{"@id":"https:\/\/build.cross-dock.hu\/index.php\/jarmupark\/#primaryimage"},"datePublished":"2021-12-21T21:30:57+00:00","dateModified":"2021-12-30T21:14:20+00:00","breadcrumb":{"@id":"https:\/\/build.cross-dock.hu\/index.php\/jarmupark\/#breadcrumb"},"inLanguage":"en-US","potentialAction":[{"@type":"ReadAction","target":["https:\/\/build.cross-dock.hu\/index.php\/jarmupark\/"]}]},{"@type":"BreadcrumbList","@id":"https:\/\/build.cross-dock.hu\/index.php\/jarmupark\/#breadcrumb","itemListElement":[{"@type":"ListItem","position":1,"name":"Home","item":"https:\/\/build.cross-dock.hu\/"},{"@type":"ListItem","position":2,"name":"J\u00e1rm\u0171park"}]}]}},"_links":{"self":[{"href":"https:\/\/build.cross-dock.hu\/index.php\/wp-json\/wp\/v2\/pages\/88"}],"collection":[{"href":"https:\/\/build.cross-dock.hu\/index.php\/wp-json\/wp\/v2\/pages"}],"about":[{"href":"https:\/\/build.cross-dock.hu\/index.php\/wp-json\/wp\/v2\/types\/page"}],"author":[{"embeddable":true,"href":"https:\/\/build.cross-dock.hu\/index.php\/wp-json\/wp\/v2\/users\/1"}],"replies":[{"embeddable":true,"href":"https:\/\/build.cross-dock.hu\/index.php\/wp-json\/wp\/v2\/comments?post=88"}],"version-history":[{"count":13,"href":"https:\/\/build.cross-dock.hu\/index.php\/wp-json\/wp\/v2\/pages\/88\/revisions"}],"predecessor-version":[{"id":798,"href":"https:\/\/build.cross-dock.hu\/index.php\/wp-json\/wp\/v2\/pages\/88\/revisions\/798"}],"wp:attachment":[{"href":"https:\/\/build.cross-dock.hu\/index.php\/wp-json\/wp\/v2\/media?parent=88"}],"curies":[{"name":"wp","href":"https:\/\/api.w.org\/{rel}","templated":true}]}}