{"id":86,"date":"2021-12-21T21:30:40","date_gmt":"2021-12-21T21:30:40","guid":{"rendered":"https:\/\/build.cross-dock.hu\/?page_id=86"},"modified":"2021-12-30T18:29:45","modified_gmt":"2021-12-30T18:29:45","slug":"tanacsadas","status":"publish","type":"page","link":"https:\/\/build.cross-dock.hu\/index.php\/tanacsadas\/","title":{"rendered":"Tan\u00e1csad\u00e1s"},"content":{"rendered":"<h1>Tan\u00e1csad\u00e1s\u200b<\/h1>\n<h2>A k\u00fcl\u00f6nb\u00f6z\u0151 rel\u00e1ci\u00f3k \u00fczleti saj\u00e1toss\u00e1gaival kapcsolatban, a rakom\u00e1nyr\u00f6gz\u00edt\u00e9ssel \u00e9s csomagol\u00e1si tan\u00e1csokkal szolg\u00e1ljuk megl\u00e9v\u0151 \u00e9s \u00e9rdekl\u0151d\u0151 \u00fcgyfeleinket.\u200b<\/h2>\n<p>\t\t\t<a href=\"https:\/\/build.cross-dock.hu\/index.php\/kapcsolat\/\" role=\"button\"><br \/>\n\t\t\t\t\t\t\u00c9rdekel<br \/>\n\t\t\t\t\t<\/a><br \/>\n\t\t\t\t\t\t\t\t\t\t\t\t\t\t\t<img width=\"1024\" height=\"879\" src=\"https:\/\/build.cross-dock.hu\/wp-content\/uploads\/2021\/12\/tanacsadas-hero-img-1024x879.png\" alt=\"\" loading=\"lazy\" srcset=\"https:\/\/build.cross-dock.hu\/wp-content\/uploads\/2021\/12\/tanacsadas-hero-img-1024x879.png 1024w, https:\/\/build.cross-dock.hu\/wp-content\/uploads\/2021\/12\/tanacsadas-hero-img-300x257.png 300w, https:\/\/build.cross-dock.hu\/wp-content\/uploads\/2021\/12\/tanacsadas-hero-img-768x659.png 768w, https:\/\/build.cross-dock.hu\/wp-content\/uploads\/2021\/12\/tanacsadas-hero-img.png 1247w\" sizes=\"(max-width: 1024px) 100vw, 1024px\" \/><br \/>\n\t\t\t\t\t\t\t\t\t\t\t\t\t\t\t<img src=\"https:\/\/build.cross-dock.hu\/wp-content\/uploads\/2021\/12\/tanacsadas-hero-decor.svg\" alt=\"\" loading=\"lazy\" height=\"256\" width=\"87\" \/>\t\t\t\t\t\t\t\t\t\t\t\t\t\t\t<\/p>\n<h2>Tan\u00e1csad\u00e1s nemzetk\u00f6zi viszonylatokban<\/h2>\n<p>Tan\u00e1csad\u00e1si tev\u00e9kenys\u00e9g\u00fcnk rendk\u00edv\u00fcli eleme, hogy A D\u00e9l-Eur\u00f3pai rel\u00e1ci\u00f3kban \u2013 Bulg\u00e1ria, G\u00f6r\u00f6gorsz\u00e1g &#8211; az eur\u00f3pait\u00f3l elt\u00e9r\u0151 kultur\u00e1lis k\u00fcl\u00f6nbs\u00e9gekb\u0151l ad\u00f3d\u00f3 visszat\u00e9r\u0151 ellentmond\u00e1sokat operat\u00edv megold\u00e1sainkkal feloldjuk.<\/p>\n<p>\t\t\t\t\t\t\t\t\t\t\t\t\t\t\t<img width=\"771\" height=\"870\" src=\"https:\/\/build.cross-dock.hu\/wp-content\/uploads\/2021\/12\/tanacsadas-nemzatkozi-visz-img.jpg\" alt=\"\" loading=\"lazy\" srcset=\"https:\/\/build.cross-dock.hu\/wp-content\/uploads\/2021\/12\/tanacsadas-nemzatkozi-visz-img.jpg 771w, https:\/\/build.cross-dock.hu\/wp-content\/uploads\/2021\/12\/tanacsadas-nemzatkozi-visz-img-266x300.jpg 266w, https:\/\/build.cross-dock.hu\/wp-content\/uploads\/2021\/12\/tanacsadas-nemzatkozi-visz-img-768x867.jpg 768w\" sizes=\"(max-width: 771px) 100vw, 771px\" \/><br \/>\n\t\t\t\t\t\t\t\t\t\t\t\t\t\t\t<img src=\"https:\/\/build.cross-dock.hu\/wp-content\/uploads\/2021\/12\/tanacsadas-nemzatkozi-visz-bg.svg\" alt=\"\" loading=\"lazy\" height=\"488\" width=\"405\" \/>\t\t\t\t\t\t\t\t\t\t\t\t\t\t\t<\/p>\n<ul>\n<li>\n\t\t\t\t\t\t\t<svg xmlns=\"http:\/\/www.w3.org\/2000\/svg\" width=\"32\" height=\"32\" viewBox=\"0 0 32 32\" fill=\"none\"><path d=\"M11.08 13.72L9.4 15.4L14.8 20.8L26.8 8.8L25.12 7.12L14.8 17.44L11.08 13.72ZM25.6 16C25.6 21.28 21.28 25.6 16 25.6C10.72 25.6 6.4 21.28 6.4 16C6.4 10.72 10.72 6.4 16 6.4C16.96 6.4 17.8 6.52 18.64 6.76L20.56 4.84C19.12 4.36 17.56 4 16 4C9.4 4 4 9.4 4 16C4 22.6 9.4 28 16 28C22.6 28 28 22.6 28 16H25.6Z\" fill=\"#E31E24\"><\/path><\/svg><br \/>\n\t\t\t\t\t\t\t\t\t\tFizet\u00e9si garanci\u00e1t ny\u00fajtunk a k\u00fclf\u00f6ldi elad\u00f3nak az import\u00e1ru felv\u00e9telekor abban az esetben, ha fuvarmegb\u00edz\u00f3nk utal\u00e1sa m\u00e9g nem \u00e9rkezett volna meg. A c\u00edmzett csak akkor kapja meg t\u0151l\u00fcnk az \u00e1rut, ha a k\u00fclf\u00f6ldi elad\u00f3 megkapta az \u00e1ru ellen\u00e9rt\u00e9k\u00e9t.\n\t\t\t\t\t\t\t\t\t<\/li>\n<li>\n\t\t\t\t\t\t\t<svg xmlns=\"http:\/\/www.w3.org\/2000\/svg\" width=\"32\" height=\"32\" viewBox=\"0 0 32 32\" fill=\"none\"><path d=\"M11.08 13.72L9.4 15.4L14.8 20.8L26.8 8.8L25.12 7.12L14.8 17.44L11.08 13.72ZM25.6 16C25.6 21.28 21.28 25.6 16 25.6C10.72 25.6 6.4 21.28 6.4 16C6.4 10.72 10.72 6.4 16 6.4C16.96 6.4 17.8 6.52 18.64 6.76L20.56 4.84C19.12 4.36 17.56 4 16 4C9.4 4 4 9.4 4 16C4 22.6 9.4 28 16 28C22.6 28 28 22.6 28 16H25.6Z\" fill=\"#E31E24\"><\/path><\/svg><br \/>\n\t\t\t\t\t\t\t\t\t\tAnyanyelvi kommunik\u00e1ci\u00f3nkkal seg\u00edtj\u00fck megb\u00edz\u00f3inkat a fontosabb viszonylatokban. \u00cdgy sokkal eredm\u00e9nyesebbek munkat\u00e1rsaink.\n\t\t\t\t\t\t\t\t\t<\/li>\n<\/ul>\n<p>\t\t\t\t\t\t\t\t\t\t\t\t\t\t\t<img width=\"642\" height=\"724\" src=\"https:\/\/build.cross-dock.hu\/wp-content\/uploads\/2021\/12\/tanacsadas-rakomanyrogzitas-img.jpg\" alt=\"\" loading=\"lazy\" srcset=\"https:\/\/build.cross-dock.hu\/wp-content\/uploads\/2021\/12\/tanacsadas-rakomanyrogzitas-img.jpg 642w, https:\/\/build.cross-dock.hu\/wp-content\/uploads\/2021\/12\/tanacsadas-rakomanyrogzitas-img-266x300.jpg 266w\" sizes=\"(max-width: 642px) 100vw, 642px\" \/><br \/>\n\t\t\t\t\t\t\t\t\t\t\t\t\t\t\t<img src=\"https:\/\/build.cross-dock.hu\/wp-content\/uploads\/2021\/12\/tanacsadas-rakomanyrogzitas-bg.svg\" alt=\"\" loading=\"lazy\" height=\"584\" width=\"522\" \/><br \/>\n\t\t\t\t<svg xmlns=\"http:\/\/www.w3.org\/2000\/svg\" width=\"32\" height=\"32\" viewBox=\"0 0 32 32\" fill=\"none\"><path d=\"M11.08 13.72L9.4 15.4L14.8 20.8L26.8 8.8L25.12 7.12L14.8 17.44L11.08 13.72ZM25.6 16C25.6 21.28 21.28 25.6 16 25.6C10.72 25.6 6.4 21.28 6.4 16C6.4 10.72 10.72 6.4 16 6.4C16.96 6.4 17.8 6.52 18.64 6.76L20.56 4.84C19.12 4.36 17.56 4 16 4C9.4 4 4 9.4 4 16C4 22.6 9.4 28 16 28C22.6 28 28 22.6 28 16H25.6Z\" fill=\"#E31E24\"><\/path><\/svg>\t\t\t\t<\/p>\n<h3>\n\t\t\t\t\t\t2650+<br \/>\n\t\t\t\t<\/h3>\n<p>\n\t\t\t\t\t\tmegrendel\u00e9s teljes\u00edtve\t\t\t\t\t<\/p>\n<h2>Tan\u00e1csad\u00e1s rakom\u00e1nyr\u00f6gz\u00edt\u00e9si megold\u00e1sokkal<\/h2>\n<p>Tan\u00e1csad\u00e1si teend\u0151ink m\u00e1sik fontos ter\u00fclete az egys\u00e9grakom\u00e1nyk\u00e9pz\u00e9sen bel\u00fcl a helyes rakom\u00e1nyr\u00f6gz\u00edt\u00e9si megold\u00e1sokra vonatkoz\u00f3 \u00e1ruspecifikus ismereteink megoszt\u00e1sa. Egys\u00e9grakom\u00e1ny k\u00e9pz\u00e9s\u00e9n\u00e9l az \u00e1ru jelleg\u00e9nek megfelel\u0151, konkr\u00e9t javaslatokat tesz\u00fcnk a kartonok biztons\u00e1gos elhelyez\u00e9s\u00e9re.<\/p>\n<p>Ehhez szorosan kapcsol\u00f3dik a k\u00fcl\u00f6nb\u00f6z\u0151 \u00e1rut\u00edpusok csomagol\u00e1si saj\u00e1toss\u00e1gainak ismerete \u00e9s azok megoszt\u00e1sa.<\/p>\n<h2>Kisz\u00e1m\u00edthat\u00f3 fuvarszervez\u00e9s\u00fcnk az esem\u00e9nyalap\u00fa j\u00e1ratinform\u00e1ci\u00f3ink megoszt\u00e1s\u00e1val j\u00f6n l\u00e9tre.<\/h2>\n<p>L\u00e9pj kapcsolatba vel\u00fcnk, ha az eml\u00edtett viszonylatok b\u00e1rmelyik\u00e9vel van dolgod, mert H\u00cdD -at k\u00e9pez\u00fcnk Eur\u00f3pa \u00e9s a Balk\u00e1n k\u00f6z\u00f6tt.<\/p>\n<p>\t\t\t<a href=\"https:\/\/build.cross-dock.hu\/index.php\/kapcsolat\/\" role=\"button\"><br \/>\n\t\t\t\t\t\t\u00c9rdekel<br \/>\n\t\t\t\t\t<\/a><br \/>\n\t\t\t\t\t\t\t\t\t\t\t\t\t\t\t<img width=\"686\" height=\"790\" src=\"https:\/\/build.cross-dock.hu\/wp-content\/uploads\/2021\/12\/cta_img2.jpg\" alt=\"\" loading=\"lazy\" srcset=\"https:\/\/build.cross-dock.hu\/wp-content\/uploads\/2021\/12\/cta_img2.jpg 686w, https:\/\/build.cross-dock.hu\/wp-content\/uploads\/2021\/12\/cta_img2-261x300.jpg 261w\" sizes=\"(max-width: 686px) 100vw, 686px\" \/><br \/>\n\t\t\t\t\t\t\t\t\t\t\t\t\t\t\t<img width=\"666\" height=\"446\" src=\"https:\/\/build.cross-dock.hu\/wp-content\/uploads\/2021\/12\/cta-block-img_mobile.jpg\" alt=\"\" loading=\"lazy\" srcset=\"https:\/\/build.cross-dock.hu\/wp-content\/uploads\/2021\/12\/cta-block-img_mobile.jpg 666w, https:\/\/build.cross-dock.hu\/wp-content\/uploads\/2021\/12\/cta-block-img_mobile-300x201.jpg 300w\" sizes=\"(max-width: 666px) 100vw, 666px\" \/><br \/>\n\t\t\t\t\t\t\t\t\t\t\t\t\t\t\t<img src=\"https:\/\/build.cross-dock.hu\/wp-content\/uploads\/2021\/12\/cta_decor.svg\" alt=\"\" loading=\"lazy\" height=\"142\" width=\"563\" \/><\/p>\n","protected":false},"excerpt":{"rendered":"<p>Tan\u00e1csad\u00e1s\u200b A k\u00fcl\u00f6nb\u00f6z\u0151 rel\u00e1ci\u00f3k \u00fczleti saj\u00e1toss\u00e1gaival kapcsolatban, a rakom\u00e1nyr\u00f6gz\u00edt\u00e9ssel \u00e9s csomagol\u00e1si tan\u00e1csokkal szolg\u00e1ljuk megl\u00e9v\u0151 \u00e9s \u00e9rdekl\u0151d\u0151 \u00fcgyfeleinket.\u200b \u00c9rdekel Tan\u00e1csad\u00e1s nemzetk\u00f6zi viszonylatokban Tan\u00e1csad\u00e1si tev\u00e9kenys\u00e9g\u00fcnk rendk\u00edv\u00fcli eleme, hogy A D\u00e9l-Eur\u00f3pai rel\u00e1ci\u00f3kban \u2013 Bulg\u00e1ria, G\u00f6r\u00f6gorsz\u00e1g &#8211; az eur\u00f3pait\u00f3l elt\u00e9r\u0151 kultur\u00e1lis k\u00fcl\u00f6nbs\u00e9gekb\u0151l ad\u00f3d\u00f3 visszat\u00e9r\u0151 ellentmond\u00e1sokat operat\u00edv megold\u00e1sainkkal feloldjuk. Fizet\u00e9si garanci\u00e1t ny\u00fajtunk a k\u00fclf\u00f6ldi elad\u00f3nak az import\u00e1ru felv\u00e9telekor abban az &hellip;<\/p>\n<p class=\"read-more\"> <a class=\"\" href=\"https:\/\/build.cross-dock.hu\/index.php\/tanacsadas\/\"> <span class=\"screen-reader-text\">Tan\u00e1csad\u00e1s<\/span> Read More &raquo;<\/a><\/p>\n","protected":false},"author":1,"featured_media":0,"parent":0,"menu_order":0,"comment_status":"closed","ping_status":"closed","template":"","meta":{"site-sidebar-layout":"no-sidebar","site-content-layout":"page-builder","ast-main-header-display":"","ast-hfb-above-header-display":"","ast-hfb-below-header-display":"","ast-hfb-mobile-header-display":"","site-post-title":"disabled","ast-breadcrumbs-content":"","ast-featured-img":"disabled","footer-sml-layout":"","theme-transparent-header-meta":"","adv-header-id-meta":"","stick-header-meta":"","header-above-stick-meta":"","header-main-stick-meta":"","header-below-stick-meta":""},"yoast_head":"<!-- This site is optimized with the Yoast SEO plugin v17.8 - https:\/\/yoast.com\/wordpress\/plugins\/seo\/ -->\n<title>Tan\u00e1csad\u00e1s - Cross-Dock Logisztikai Kft.<\/title>\n<meta name=\"robots\" content=\"index, follow, max-snippet:-1, max-image-preview:large, max-video-preview:-1\" \/>\n<link rel=\"canonical\" href=\"https:\/\/build.cross-dock.hu\/index.php\/tanacsadas\/\" \/>\n<meta property=\"og:locale\" content=\"en_US\" \/>\n<meta property=\"og:type\" content=\"article\" \/>\n<meta property=\"og:title\" content=\"Tan\u00e1csad\u00e1s - Cross-Dock Logisztikai Kft.\" \/>\n<meta property=\"og:description\" content=\"Tan\u00e1csad\u00e1s\u200b A k\u00fcl\u00f6nb\u00f6z\u0151 rel\u00e1ci\u00f3k \u00fczleti saj\u00e1toss\u00e1gaival kapcsolatban, a rakom\u00e1nyr\u00f6gz\u00edt\u00e9ssel \u00e9s csomagol\u00e1si tan\u00e1csokkal szolg\u00e1ljuk megl\u00e9v\u0151 \u00e9s \u00e9rdekl\u0151d\u0151 \u00fcgyfeleinket.\u200b \u00c9rdekel Tan\u00e1csad\u00e1s nemzetk\u00f6zi viszonylatokban Tan\u00e1csad\u00e1si tev\u00e9kenys\u00e9g\u00fcnk rendk\u00edv\u00fcli eleme, hogy A D\u00e9l-Eur\u00f3pai rel\u00e1ci\u00f3kban \u2013 Bulg\u00e1ria, G\u00f6r\u00f6gorsz\u00e1g &#8211; az eur\u00f3pait\u00f3l elt\u00e9r\u0151 kultur\u00e1lis k\u00fcl\u00f6nbs\u00e9gekb\u0151l ad\u00f3d\u00f3 visszat\u00e9r\u0151 ellentmond\u00e1sokat operat\u00edv megold\u00e1sainkkal feloldjuk. Fizet\u00e9si garanci\u00e1t ny\u00fajtunk a k\u00fclf\u00f6ldi elad\u00f3nak az import\u00e1ru felv\u00e9telekor abban az &hellip; Tan\u00e1csad\u00e1s Read More &raquo;\" \/>\n<meta property=\"og:url\" content=\"https:\/\/build.cross-dock.hu\/index.php\/tanacsadas\/\" \/>\n<meta property=\"og:site_name\" content=\"Cross-Dock Logisztikai Kft.\" \/>\n<meta property=\"article:modified_time\" content=\"2021-12-30T18:29:45+00:00\" \/>\n<meta property=\"og:image\" content=\"https:\/\/build.cross-dock.hu\/wp-content\/uploads\/2021\/12\/tanacsadas-hero-img-1024x879.png\" \/>\n<meta name=\"twitter:card\" content=\"summary_large_image\" \/>\n<meta name=\"twitter:label1\" content=\"Est. reading time\" \/>\n\t<meta name=\"twitter:data1\" content=\"3 minutes\" \/>\n<script type=\"application\/ld+json\" class=\"yoast-schema-graph\">{\"@context\":\"https:\/\/schema.org\",\"@graph\":[{\"@type\":\"WebSite\",\"@id\":\"https:\/\/build.cross-dock.hu\/#website\",\"url\":\"https:\/\/build.cross-dock.hu\/\",\"name\":\"Cross-Dock Logisztikai Kft.\",\"description\":\"\",\"potentialAction\":[{\"@type\":\"SearchAction\",\"target\":{\"@type\":\"EntryPoint\",\"urlTemplate\":\"https:\/\/build.cross-dock.hu\/?s={search_term_string}\"},\"query-input\":\"required name=search_term_string\"}],\"inLanguage\":\"en-US\"},{\"@type\":\"ImageObject\",\"@id\":\"https:\/\/build.cross-dock.hu\/index.php\/tanacsadas\/#primaryimage\",\"inLanguage\":\"en-US\",\"url\":\"https:\/\/build.cross-dock.hu\/wp-content\/uploads\/2021\/12\/tanacsadas-hero-img.png\",\"contentUrl\":\"https:\/\/build.cross-dock.hu\/wp-content\/uploads\/2021\/12\/tanacsadas-hero-img.png\",\"width\":1247,\"height\":1070},{\"@type\":\"WebPage\",\"@id\":\"https:\/\/build.cross-dock.hu\/index.php\/tanacsadas\/#webpage\",\"url\":\"https:\/\/build.cross-dock.hu\/index.php\/tanacsadas\/\",\"name\":\"Tan\\u00e1csad\\u00e1s - Cross-Dock Logisztikai Kft.\",\"isPartOf\":{\"@id\":\"https:\/\/build.cross-dock.hu\/#website\"},\"primaryImageOfPage\":{\"@id\":\"https:\/\/build.cross-dock.hu\/index.php\/tanacsadas\/#primaryimage\"},\"datePublished\":\"2021-12-21T21:30:40+00:00\",\"dateModified\":\"2021-12-30T18:29:45+00:00\",\"breadcrumb\":{\"@id\":\"https:\/\/build.cross-dock.hu\/index.php\/tanacsadas\/#breadcrumb\"},\"inLanguage\":\"en-US\",\"potentialAction\":[{\"@type\":\"ReadAction\",\"target\":[\"https:\/\/build.cross-dock.hu\/index.php\/tanacsadas\/\"]}]},{\"@type\":\"BreadcrumbList\",\"@id\":\"https:\/\/build.cross-dock.hu\/index.php\/tanacsadas\/#breadcrumb\",\"itemListElement\":[{\"@type\":\"ListItem\",\"position\":1,\"name\":\"Home\",\"item\":\"https:\/\/build.cross-dock.hu\/\"},{\"@type\":\"ListItem\",\"position\":2,\"name\":\"Tan\\u00e1csad\\u00e1s\"}]}]}<\/script>\n<!-- \/ Yoast SEO plugin. -->","yoast_head_json":{"title":"Tan\u00e1csad\u00e1s - Cross-Dock Logisztikai Kft.","robots":{"index":"index","follow":"follow","max-snippet":"max-snippet:-1","max-image-preview":"max-image-preview:large","max-video-preview":"max-video-preview:-1"},"canonical":"https:\/\/build.cross-dock.hu\/index.php\/tanacsadas\/","og_locale":"en_US","og_type":"article","og_title":"Tan\u00e1csad\u00e1s - Cross-Dock Logisztikai Kft.","og_description":"Tan\u00e1csad\u00e1s\u200b A k\u00fcl\u00f6nb\u00f6z\u0151 rel\u00e1ci\u00f3k \u00fczleti saj\u00e1toss\u00e1gaival kapcsolatban, a rakom\u00e1nyr\u00f6gz\u00edt\u00e9ssel \u00e9s csomagol\u00e1si tan\u00e1csokkal szolg\u00e1ljuk megl\u00e9v\u0151 \u00e9s \u00e9rdekl\u0151d\u0151 \u00fcgyfeleinket.\u200b \u00c9rdekel Tan\u00e1csad\u00e1s nemzetk\u00f6zi viszonylatokban Tan\u00e1csad\u00e1si tev\u00e9kenys\u00e9g\u00fcnk rendk\u00edv\u00fcli eleme, hogy A D\u00e9l-Eur\u00f3pai rel\u00e1ci\u00f3kban \u2013 Bulg\u00e1ria, G\u00f6r\u00f6gorsz\u00e1g &#8211; az eur\u00f3pait\u00f3l elt\u00e9r\u0151 kultur\u00e1lis k\u00fcl\u00f6nbs\u00e9gekb\u0151l ad\u00f3d\u00f3 visszat\u00e9r\u0151 ellentmond\u00e1sokat operat\u00edv megold\u00e1sainkkal feloldjuk. Fizet\u00e9si garanci\u00e1t ny\u00fajtunk a k\u00fclf\u00f6ldi elad\u00f3nak az import\u00e1ru felv\u00e9telekor abban az &hellip; Tan\u00e1csad\u00e1s Read More &raquo;","og_url":"https:\/\/build.cross-dock.hu\/index.php\/tanacsadas\/","og_site_name":"Cross-Dock Logisztikai Kft.","article_modified_time":"2021-12-30T18:29:45+00:00","og_image":[{"url":"https:\/\/build.cross-dock.hu\/wp-content\/uploads\/2021\/12\/tanacsadas-hero-img-1024x879.png"}],"twitter_card":"summary_large_image","twitter_misc":{"Est. reading time":"3 minutes"},"schema":{"@context":"https:\/\/schema.org","@graph":[{"@type":"WebSite","@id":"https:\/\/build.cross-dock.hu\/#website","url":"https:\/\/build.cross-dock.hu\/","name":"Cross-Dock Logisztikai Kft.","description":"","potentialAction":[{"@type":"SearchAction","target":{"@type":"EntryPoint","urlTemplate":"https:\/\/build.cross-dock.hu\/?s={search_term_string}"},"query-input":"required name=search_term_string"}],"inLanguage":"en-US"},{"@type":"ImageObject","@id":"https:\/\/build.cross-dock.hu\/index.php\/tanacsadas\/#primaryimage","inLanguage":"en-US","url":"https:\/\/build.cross-dock.hu\/wp-content\/uploads\/2021\/12\/tanacsadas-hero-img.png","contentUrl":"https:\/\/build.cross-dock.hu\/wp-content\/uploads\/2021\/12\/tanacsadas-hero-img.png","width":1247,"height":1070},{"@type":"WebPage","@id":"https:\/\/build.cross-dock.hu\/index.php\/tanacsadas\/#webpage","url":"https:\/\/build.cross-dock.hu\/index.php\/tanacsadas\/","name":"Tan\u00e1csad\u00e1s - Cross-Dock Logisztikai Kft.","isPartOf":{"@id":"https:\/\/build.cross-dock.hu\/#website"},"primaryImageOfPage":{"@id":"https:\/\/build.cross-dock.hu\/index.php\/tanacsadas\/#primaryimage"},"datePublished":"2021-12-21T21:30:40+00:00","dateModified":"2021-12-30T18:29:45+00:00","breadcrumb":{"@id":"https:\/\/build.cross-dock.hu\/index.php\/tanacsadas\/#breadcrumb"},"inLanguage":"en-US","potentialAction":[{"@type":"ReadAction","target":["https:\/\/build.cross-dock.hu\/index.php\/tanacsadas\/"]}]},{"@type":"BreadcrumbList","@id":"https:\/\/build.cross-dock.hu\/index.php\/tanacsadas\/#breadcrumb","itemListElement":[{"@type":"ListItem","position":1,"name":"Home","item":"https:\/\/build.cross-dock.hu\/"},{"@type":"ListItem","position":2,"name":"Tan\u00e1csad\u00e1s"}]}]}},"_links":{"self":[{"href":"https:\/\/build.cross-dock.hu\/index.php\/wp-json\/wp\/v2\/pages\/86"}],"collection":[{"href":"https:\/\/build.cross-dock.hu\/index.php\/wp-json\/wp\/v2\/pages"}],"about":[{"href":"https:\/\/build.cross-dock.hu\/index.php\/wp-json\/wp\/v2\/types\/page"}],"author":[{"embeddable":true,"href":"https:\/\/build.cross-dock.hu\/index.php\/wp-json\/wp\/v2\/users\/1"}],"replies":[{"embeddable":true,"href":"https:\/\/build.cross-dock.hu\/index.php\/wp-json\/wp\/v2\/comments?post=86"}],"version-history":[{"count":22,"href":"https:\/\/build.cross-dock.hu\/index.php\/wp-json\/wp\/v2\/pages\/86\/revisions"}],"predecessor-version":[{"id":752,"href":"https:\/\/build.cross-dock.hu\/index.php\/wp-json\/wp\/v2\/pages\/86\/revisions\/752"}],"wp:attachment":[{"href":"https:\/\/build.cross-dock.hu\/index.php\/wp-json\/wp\/v2\/media?parent=86"}],"curies":[{"name":"wp","href":"https:\/\/api.w.org\/{rel}","templated":true}]}}