{"id":84,"date":"2021-12-21T21:28:23","date_gmt":"2021-12-21T21:28:23","guid":{"rendered":"https:\/\/build.cross-dock.hu\/?page_id=84"},"modified":"2021-12-30T18:14:02","modified_gmt":"2021-12-30T18:14:02","slug":"raktarozas","status":"publish","type":"page","link":"https:\/\/build.cross-dock.hu\/index.php\/raktarozas\/","title":{"rendered":"Rakt\u00e1roz\u00e1s"},"content":{"rendered":"<h1>Rakt\u00e1roz\u00e1s<\/h1>\n<h2>A rakt\u00e1roz\u00e1si tev\u00e9kenys\u00e9ghez szorosan kapcsol\u00f3d\u00f3 Cross-Dock Home Rakod\u00e1si Szolg\u00e1ltat\u00e1sunk alkalmank\u00e9nt h\u00e1zhoz viszi az \u00e1rumozgat\u00e1shoz sz\u00fcks\u00e9ges eszk\u00f6z\u00f6ket.\u200b<\/h2>\n<p>\t\t\t<a href=\"https:\/\/build.cross-dock.hu\/index.php\/kapcsolat\/\" role=\"button\"><br \/>\n\t\t\t\t\t\t\u00c9rdekel<br \/>\n\t\t\t\t\t<\/a><br \/>\n\t\t\t\t\t\t\t\t\t\t\t\t\t\t\t<img width=\"1024\" height=\"942\" src=\"https:\/\/build.cross-dock.hu\/wp-content\/uploads\/2021\/12\/raktarozas-hero-img-1024x942.png\" alt=\"\" loading=\"lazy\" srcset=\"https:\/\/build.cross-dock.hu\/wp-content\/uploads\/2021\/12\/raktarozas-hero-img-1024x942.png 1024w, https:\/\/build.cross-dock.hu\/wp-content\/uploads\/2021\/12\/raktarozas-hero-img-300x276.png 300w, https:\/\/build.cross-dock.hu\/wp-content\/uploads\/2021\/12\/raktarozas-hero-img-768x706.png 768w, https:\/\/build.cross-dock.hu\/wp-content\/uploads\/2021\/12\/raktarozas-hero-img.png 1247w\" sizes=\"(max-width: 1024px) 100vw, 1024px\" \/><br \/>\n\t\t\t\t\t\t\t\t\t\t\t\t\t\t\t<img src=\"https:\/\/build.cross-dock.hu\/wp-content\/uploads\/2021\/12\/raktarozas-hero-decor.svg\" alt=\"\" loading=\"lazy\" height=\"202\" width=\"245\" \/>\t\t\t\t\t\t\t\t\t\t\t\t\t\t\t<\/p>\n<h2>Rakt\u00e1roz\u00e1si b\u00e1zissal Budapesten, Thesszalonikiben \u00e9s Ath\u00e9nban rendelkez\u00fcnk.<\/h2>\n<p>\t\t\t<svg xmlns=\"http:\/\/www.w3.org\/2000\/svg\" width=\"80\" height=\"80\" viewBox=\"0 0 80 80\" fill=\"none\"><path d=\"M29.9399 67.9101H15.9999C14.3847 67.9022 12.8382 67.2549 11.6989 66.11C10.5595 64.965 9.9199 63.4154 9.91992 61.8001V22.6501C9.9199 21.0348 10.5595 19.4852 11.6989 18.3403C12.8382 17.1953 14.3847 16.548 15.9999 16.5401H59.8599C60.6648 16.5362 61.4626 16.6913 62.2073 16.9966C62.9521 17.3019 63.6292 17.7513 64.1998 18.319C64.7703 18.8868 65.223 19.5617 65.532 20.305C65.8409 21.0482 65.9999 21.8452 65.9999 22.6501V27.6501\" stroke=\"#E31E24\" stroke-width=\"4\" stroke-miterlimit=\"10\"><\/path><path d=\"M72.9999 62.8601C71.0192 66.4001 67.9372 69.1969 64.2221 70.8256C60.5071 72.4543 56.3619 72.826 52.4163 71.8842C48.4708 70.9424 44.9404 68.7385 42.3615 65.6074C39.7826 62.4763 38.2961 58.589 38.1279 54.5361C37.9596 50.4832 39.1187 46.4861 41.4292 43.152C43.7397 39.8178 47.0752 37.3289 50.9291 36.0633C54.7831 34.7977 58.9448 34.8245 62.7821 36.1397C66.6194 37.4549 69.9226 39.9865 72.1899 43.3501\" stroke=\"#E31E24\" stroke-width=\"4\" stroke-miterlimit=\"10\"><\/path><path d=\"M72.1299 33.75V43.73H62.1499\" stroke=\"#E31E24\" stroke-width=\"4\" stroke-miterlimit=\"10\"><\/path><path d=\"M23 10V20.74\" stroke=\"#E31E24\" stroke-width=\"5\" stroke-miterlimit=\"10\" stroke-linecap=\"round\"><\/path><path d=\"M37.9399 10V20.74\" stroke=\"#E31E24\" stroke-width=\"5\" stroke-miterlimit=\"10\" stroke-linecap=\"round\"><\/path><path d=\"M53.8201 10V20.74\" stroke=\"#E31E24\" stroke-width=\"5\" stroke-miterlimit=\"10\" stroke-linecap=\"round\"><\/path><path d=\"M27.09 30.8999H19.49V38.4999H27.09V30.8999Z\" fill=\"#E31E24\"><\/path><path d=\"M27.09 43.2402H19.49V50.8402H27.09V43.2402Z\" fill=\"#E31E24\"><\/path><\/svg>\t\t\t<\/p>\n<h2>Gy\u0171jt\u0151 rakt\u00e1rainkban r\u00f6videbb \u00e9s hosszabb t\u00e1vra egyar\u00e1nt t\u00e1rolunk.<\/h2>\n<p>\t\t\t<svg xmlns=\"http:\/\/www.w3.org\/2000\/svg\" width=\"80\" height=\"80\" viewBox=\"0 0 80 80\" fill=\"none\"><path d=\"M62.7295 21.19C65.745 21.19 68.1895 18.7455 68.1895 15.73C68.1895 12.7145 65.745 10.27 62.7295 10.27C59.7141 10.27 57.2695 12.7145 57.2695 15.73C57.2695 18.7455 59.7141 21.19 62.7295 21.19Z\" stroke=\"#E31E24\" stroke-width=\"4\" stroke-miterlimit=\"10\"><\/path><path d=\"M50.4697 15.7301C50.5609 12.5378 51.8931 9.50686 54.1833 7.28114C56.4734 5.05542 59.5412 3.8103 62.7347 3.8103C65.9283 3.8103 68.996 5.05542 71.2862 7.28114C73.5764 9.50686 74.9086 12.5378 74.9997 15.7301C74.9997 22.5101 62.7297 37.2001 62.7297 37.2001C62.7297 37.2001 50.4697 22.5101 50.4697 15.7301Z\" stroke=\"#E31E24\" stroke-width=\"4\" stroke-miterlimit=\"10\"><\/path><path d=\"M17.5 75.53C23.8513 75.53 29 70.3813 29 64.03C29 57.6788 23.8513 52.53 17.5 52.53C11.1487 52.53 6 57.6788 6 64.03C6 70.3813 11.1487 75.53 17.5 75.53Z\" stroke=\"#E31E24\" stroke-width=\"4\" stroke-miterlimit=\"10\"><\/path><path d=\"M17.4996 68.64C20.0457 68.64 22.1096 66.5761 22.1096 64.03C22.1096 61.484 20.0457 59.42 17.4996 59.42C14.9536 59.42 12.8896 61.484 12.8896 64.03C12.8896 66.5761 14.9536 68.64 17.4996 68.64Z\" fill=\"#E31E24\"><\/path><path d=\"M52.0004 22.77H24.6504C22.7939 22.77 21.0134 23.5075 19.7006 24.8203C18.3879 26.133 17.6504 27.9135 17.6504 29.77V31.16C17.6504 33.0165 18.3879 34.797 19.7006 36.1098C21.0134 37.4225 22.7939 38.16 24.6504 38.16H47.1504C49.029 38.1099 50.8986 38.4367 52.6488 39.121C54.3991 39.8053 55.9945 40.8333 57.341 42.1443C58.6874 43.4553 59.7575 45.0228 60.4883 46.7541C61.219 48.4855 61.5955 50.3458 61.5955 52.225C61.5955 54.1043 61.219 55.9645 60.4883 57.6959C59.7575 59.4273 58.6874 60.9947 57.341 62.3057C55.9945 63.6168 54.3991 64.6448 52.6488 65.3291C50.8986 66.0134 49.029 66.3401 47.1504 66.29H29.0004\" stroke=\"#E31E24\" stroke-width=\"4\" stroke-miterlimit=\"10\"><\/path><path d=\"M27.4701 59.32H47.1501C49.0159 59.32 50.8053 58.5788 52.1246 57.2595C53.4439 55.9402 54.1851 54.1508 54.1851 52.285C54.1851 50.4192 53.4439 48.6298 52.1246 47.3105C50.8053 45.9912 49.0159 45.25 47.1501 45.25H24.6501C20.921 45.2473 17.3453 43.7655 14.7075 41.1296C12.0698 38.4937 10.5854 34.919 10.5801 31.19V29.8C10.5827 26.0692 12.0659 22.492 14.704 19.8539C17.3421 17.2159 20.9193 15.7326 24.6501 15.73H49.4301\" stroke=\"#E31E24\" stroke-width=\"4\" stroke-miterlimit=\"10\"><\/path><\/svg>\t\t\t<\/p>\n<h2>Nemzetk\u00f6zi t\u00e9telek \u00e9rkeztet\u00e9s\u00e9t \u00e9s helyi ter\u00edt\u00e9s\u00e9t a felsorolt orsz\u00e1gokban stabil helyi partnereinkkel v\u00e9gezz\u00fck.<\/h2>\n<p>\t\t\t<svg xmlns=\"http:\/\/www.w3.org\/2000\/svg\" width=\"80\" height=\"80\" viewBox=\"0 0 80 80\" fill=\"none\"><path d=\"M56 66.25L40 76L24 66.25C19.4568 63.4626 15.7048 59.556 13.1031 54.904C10.5013 50.252 9.13678 45.0101 9.14002 39.68V16L40 4L70.86 16V39.68C70.8633 45.0101 69.4987 50.252 66.897 54.904C64.2952 59.556 60.5432 63.4626 56 66.25V66.25Z\" stroke=\"#E31E24\" stroke-width=\"4\" stroke-miterlimit=\"10\"><\/path><path d=\"M53.5 23.5H26.5V50.5H53.5V23.5Z\" stroke=\"#E31E24\" stroke-width=\"4\" stroke-miterlimit=\"10\"><\/path><path d=\"M44.5 23.5H35.5V32.5H44.5V23.5Z\" stroke=\"#E31E24\" stroke-width=\"4\" stroke-miterlimit=\"10\"><\/path><path d=\"M53.5 44.5H44.5\" stroke=\"#E31E24\" stroke-width=\"4\" stroke-miterlimit=\"10\"><\/path><\/svg>\t\t\t<\/p>\n<h2>Temper\u00e1lt t\u00e1rol\u00e1st is v\u00e9gz\u00fcnk.<\/h2>\n<h2>Cross-Dock Home Rakod\u00e1si Szolg\u00e1ltat\u00e1s<\/h2>\n<p>\u00daj szolg\u00e1ltat\u00e1sunk, hogy \u00fcgyfeleinknek rendelkez\u00e9s\u00e9re bocs\u00e1jtjuk anyagmozgat\u00e1si kapacit\u00e1sunkat az \u00e1ltaluk megjel\u00f6lt telephelyen. Szakembert, targonc\u00e1t, b\u00e9k\u00e1t.<\/p>\n<p>El\u0151re egyeztetett id\u0151pontban elv\u00e9gezz\u00fck a sz\u00fcks\u00e9ges \u00e1rumozgat\u00e1st.<\/p>\n<p>Olyan rakod\u00e1si pontokon, ahol felesleges az alkalomszer\u0171 ig\u00e9nyek miatt \u00e1lland\u00f3 eszk\u00f6z \u00e9s munkaer\u0151 kapacit\u00e1st biztos\u00edtani, ott \u00e9rdemesebb az \u00e9rt\u00e9kar\u00e1nyos rakod\u00f3 kapacit\u00e1s b\u00e9rleti konstrukci\u00f3nkat ig\u00e9nybe venni.<\/p>\n<p>\t\t\t\t\t\t\t\t\t\t\t\t\t\t\t<img width=\"2161\" height=\"908\" src=\"https:\/\/build.cross-dock.hu\/wp-content\/uploads\/2021\/12\/raktarozas-cross-dock-home.jpg\" alt=\"\" loading=\"lazy\" srcset=\"https:\/\/build.cross-dock.hu\/wp-content\/uploads\/2021\/12\/raktarozas-cross-dock-home.jpg 2161w, https:\/\/build.cross-dock.hu\/wp-content\/uploads\/2021\/12\/raktarozas-cross-dock-home-300x126.jpg 300w, https:\/\/build.cross-dock.hu\/wp-content\/uploads\/2021\/12\/raktarozas-cross-dock-home-1024x430.jpg 1024w, https:\/\/build.cross-dock.hu\/wp-content\/uploads\/2021\/12\/raktarozas-cross-dock-home-768x323.jpg 768w, https:\/\/build.cross-dock.hu\/wp-content\/uploads\/2021\/12\/raktarozas-cross-dock-home-1536x645.jpg 1536w, https:\/\/build.cross-dock.hu\/wp-content\/uploads\/2021\/12\/raktarozas-cross-dock-home-2048x861.jpg 2048w\" sizes=\"(max-width: 2161px) 100vw, 2161px\" \/><br \/>\n\t\t\t\t\t\t\t\t\t\t\t\t\t\t\t<img width=\"1367\" height=\"1422\" src=\"https:\/\/build.cross-dock.hu\/wp-content\/uploads\/2021\/12\/raktarozas-cross-dock-home_mobile.jpg\" alt=\"\" loading=\"lazy\" srcset=\"https:\/\/build.cross-dock.hu\/wp-content\/uploads\/2021\/12\/raktarozas-cross-dock-home_mobile.jpg 1367w, https:\/\/build.cross-dock.hu\/wp-content\/uploads\/2021\/12\/raktarozas-cross-dock-home_mobile-288x300.jpg 288w, https:\/\/build.cross-dock.hu\/wp-content\/uploads\/2021\/12\/raktarozas-cross-dock-home_mobile-984x1024.jpg 984w, https:\/\/build.cross-dock.hu\/wp-content\/uploads\/2021\/12\/raktarozas-cross-dock-home_mobile-768x799.jpg 768w\" sizes=\"(max-width: 1367px) 100vw, 1367px\" \/>\t\t\t\t\t\t\t\t\t\t\t\t\t\t\t<\/p>\n<h2>Kisz\u00e1m\u00edthat\u00f3 fuvarszervez\u00e9s\u00fcnk az esem\u00e9nyalap\u00fa j\u00e1ratinform\u00e1ci\u00f3ink megoszt\u00e1s\u00e1val j\u00f6n l\u00e9tre.<\/h2>\n<p>L\u00e9pj kapcsolatba vel\u00fcnk, ha az eml\u00edtett viszonylatok b\u00e1rmelyik\u00e9vel van dolgod, mert H\u00cdD -at k\u00e9pez\u00fcnk Eur\u00f3pa \u00e9s a Balk\u00e1n k\u00f6z\u00f6tt.<\/p>\n<p>\t\t\t<a href=\"https:\/\/build.cross-dock.hu\/index.php\/kapcsolat\/\" role=\"button\"><br \/>\n\t\t\t\t\t\t\u00c9rdekel<br \/>\n\t\t\t\t\t<\/a><br \/>\n\t\t\t\t\t\t\t\t\t\t\t\t\t\t\t<img width=\"686\" height=\"790\" src=\"https:\/\/build.cross-dock.hu\/wp-content\/uploads\/2021\/12\/cta_img2.jpg\" alt=\"\" loading=\"lazy\" srcset=\"https:\/\/build.cross-dock.hu\/wp-content\/uploads\/2021\/12\/cta_img2.jpg 686w, https:\/\/build.cross-dock.hu\/wp-content\/uploads\/2021\/12\/cta_img2-261x300.jpg 261w\" sizes=\"(max-width: 686px) 100vw, 686px\" \/><br \/>\n\t\t\t\t\t\t\t\t\t\t\t\t\t\t\t<img width=\"666\" height=\"446\" src=\"https:\/\/build.cross-dock.hu\/wp-content\/uploads\/2021\/12\/cta-block-img_mobile.jpg\" alt=\"\" loading=\"lazy\" srcset=\"https:\/\/build.cross-dock.hu\/wp-content\/uploads\/2021\/12\/cta-block-img_mobile.jpg 666w, https:\/\/build.cross-dock.hu\/wp-content\/uploads\/2021\/12\/cta-block-img_mobile-300x201.jpg 300w\" sizes=\"(max-width: 666px) 100vw, 666px\" \/><br \/>\n\t\t\t\t\t\t\t\t\t\t\t\t\t\t\t<img src=\"https:\/\/build.cross-dock.hu\/wp-content\/uploads\/2021\/12\/cta_decor.svg\" alt=\"\" loading=\"lazy\" height=\"142\" width=\"563\" \/><\/p>\n","protected":false},"excerpt":{"rendered":"<p>Rakt\u00e1roz\u00e1s A rakt\u00e1roz\u00e1si tev\u00e9kenys\u00e9ghez szorosan kapcsol\u00f3d\u00f3 Cross-Dock Home Rakod\u00e1si Szolg\u00e1ltat\u00e1sunk alkalmank\u00e9nt h\u00e1zhoz viszi az \u00e1rumozgat\u00e1shoz sz\u00fcks\u00e9ges eszk\u00f6z\u00f6ket.\u200b \u00c9rdekel Rakt\u00e1roz\u00e1si b\u00e1zissal Budapesten, Thesszalonikiben \u00e9s Ath\u00e9nban rendelkez\u00fcnk. Gy\u0171jt\u0151 rakt\u00e1rainkban r\u00f6videbb \u00e9s hosszabb t\u00e1vra egyar\u00e1nt t\u00e1rolunk. Nemzetk\u00f6zi t\u00e9telek \u00e9rkeztet\u00e9s\u00e9t \u00e9s helyi ter\u00edt\u00e9s\u00e9t a felsorolt orsz\u00e1gokban stabil helyi partnereinkkel v\u00e9gezz\u00fck. Temper\u00e1lt t\u00e1rol\u00e1st is v\u00e9gz\u00fcnk. Cross-Dock Home Rakod\u00e1si Szolg\u00e1ltat\u00e1s \u00daj &hellip;<\/p>\n<p class=\"read-more\"> <a class=\"\" href=\"https:\/\/build.cross-dock.hu\/index.php\/raktarozas\/\"> <span class=\"screen-reader-text\">Rakt\u00e1roz\u00e1s<\/span> Read More &raquo;<\/a><\/p>\n","protected":false},"author":1,"featured_media":0,"parent":0,"menu_order":0,"comment_status":"closed","ping_status":"closed","template":"","meta":{"site-sidebar-layout":"no-sidebar","site-content-layout":"page-builder","ast-main-header-display":"","ast-hfb-above-header-display":"","ast-hfb-below-header-display":"","ast-hfb-mobile-header-display":"","site-post-title":"disabled","ast-breadcrumbs-content":"","ast-featured-img":"disabled","footer-sml-layout":"","theme-transparent-header-meta":"","adv-header-id-meta":"","stick-header-meta":"","header-above-stick-meta":"","header-main-stick-meta":"","header-below-stick-meta":""},"yoast_head":"<!-- This site is optimized with the Yoast SEO plugin v17.8 - https:\/\/yoast.com\/wordpress\/plugins\/seo\/ -->\n<title>Rakt\u00e1roz\u00e1s - Cross-Dock Logisztikai Kft.<\/title>\n<meta name=\"robots\" content=\"index, follow, max-snippet:-1, max-image-preview:large, max-video-preview:-1\" \/>\n<link rel=\"canonical\" href=\"https:\/\/build.cross-dock.hu\/index.php\/raktarozas\/\" \/>\n<meta property=\"og:locale\" content=\"en_US\" \/>\n<meta property=\"og:type\" content=\"article\" \/>\n<meta property=\"og:title\" content=\"Rakt\u00e1roz\u00e1s - Cross-Dock Logisztikai Kft.\" \/>\n<meta property=\"og:description\" content=\"Rakt\u00e1roz\u00e1s A rakt\u00e1roz\u00e1si tev\u00e9kenys\u00e9ghez szorosan kapcsol\u00f3d\u00f3 Cross-Dock Home Rakod\u00e1si Szolg\u00e1ltat\u00e1sunk alkalmank\u00e9nt h\u00e1zhoz viszi az \u00e1rumozgat\u00e1shoz sz\u00fcks\u00e9ges eszk\u00f6z\u00f6ket.\u200b \u00c9rdekel Rakt\u00e1roz\u00e1si b\u00e1zissal Budapesten, Thesszalonikiben \u00e9s Ath\u00e9nban rendelkez\u00fcnk. Gy\u0171jt\u0151 rakt\u00e1rainkban r\u00f6videbb \u00e9s hosszabb t\u00e1vra egyar\u00e1nt t\u00e1rolunk. Nemzetk\u00f6zi t\u00e9telek \u00e9rkeztet\u00e9s\u00e9t \u00e9s helyi ter\u00edt\u00e9s\u00e9t a felsorolt orsz\u00e1gokban stabil helyi partnereinkkel v\u00e9gezz\u00fck. Temper\u00e1lt t\u00e1rol\u00e1st is v\u00e9gz\u00fcnk. Cross-Dock Home Rakod\u00e1si Szolg\u00e1ltat\u00e1s \u00daj &hellip; Rakt\u00e1roz\u00e1s Read More &raquo;\" \/>\n<meta property=\"og:url\" content=\"https:\/\/build.cross-dock.hu\/index.php\/raktarozas\/\" \/>\n<meta property=\"og:site_name\" content=\"Cross-Dock Logisztikai Kft.\" \/>\n<meta property=\"article:modified_time\" content=\"2021-12-30T18:14:02+00:00\" \/>\n<meta property=\"og:image\" content=\"https:\/\/build.cross-dock.hu\/wp-content\/uploads\/2021\/12\/raktarozas-hero-img-1024x942.png\" \/>\n<meta name=\"twitter:card\" content=\"summary_large_image\" \/>\n<meta name=\"twitter:label1\" content=\"Est. reading time\" \/>\n\t<meta name=\"twitter:data1\" content=\"2 minutes\" \/>\n<script type=\"application\/ld+json\" class=\"yoast-schema-graph\">{\"@context\":\"https:\/\/schema.org\",\"@graph\":[{\"@type\":\"WebSite\",\"@id\":\"https:\/\/build.cross-dock.hu\/#website\",\"url\":\"https:\/\/build.cross-dock.hu\/\",\"name\":\"Cross-Dock Logisztikai Kft.\",\"description\":\"\",\"potentialAction\":[{\"@type\":\"SearchAction\",\"target\":{\"@type\":\"EntryPoint\",\"urlTemplate\":\"https:\/\/build.cross-dock.hu\/?s={search_term_string}\"},\"query-input\":\"required name=search_term_string\"}],\"inLanguage\":\"en-US\"},{\"@type\":\"ImageObject\",\"@id\":\"https:\/\/build.cross-dock.hu\/index.php\/raktarozas\/#primaryimage\",\"inLanguage\":\"en-US\",\"url\":\"https:\/\/build.cross-dock.hu\/wp-content\/uploads\/2021\/12\/raktarozas-hero-img.png\",\"contentUrl\":\"https:\/\/build.cross-dock.hu\/wp-content\/uploads\/2021\/12\/raktarozas-hero-img.png\",\"width\":1247,\"height\":1147},{\"@type\":\"WebPage\",\"@id\":\"https:\/\/build.cross-dock.hu\/index.php\/raktarozas\/#webpage\",\"url\":\"https:\/\/build.cross-dock.hu\/index.php\/raktarozas\/\",\"name\":\"Rakt\\u00e1roz\\u00e1s - Cross-Dock Logisztikai Kft.\",\"isPartOf\":{\"@id\":\"https:\/\/build.cross-dock.hu\/#website\"},\"primaryImageOfPage\":{\"@id\":\"https:\/\/build.cross-dock.hu\/index.php\/raktarozas\/#primaryimage\"},\"datePublished\":\"2021-12-21T21:28:23+00:00\",\"dateModified\":\"2021-12-30T18:14:02+00:00\",\"breadcrumb\":{\"@id\":\"https:\/\/build.cross-dock.hu\/index.php\/raktarozas\/#breadcrumb\"},\"inLanguage\":\"en-US\",\"potentialAction\":[{\"@type\":\"ReadAction\",\"target\":[\"https:\/\/build.cross-dock.hu\/index.php\/raktarozas\/\"]}]},{\"@type\":\"BreadcrumbList\",\"@id\":\"https:\/\/build.cross-dock.hu\/index.php\/raktarozas\/#breadcrumb\",\"itemListElement\":[{\"@type\":\"ListItem\",\"position\":1,\"name\":\"Home\",\"item\":\"https:\/\/build.cross-dock.hu\/\"},{\"@type\":\"ListItem\",\"position\":2,\"name\":\"Rakt\\u00e1roz\\u00e1s\"}]}]}<\/script>\n<!-- \/ Yoast SEO plugin. -->","yoast_head_json":{"title":"Rakt\u00e1roz\u00e1s - Cross-Dock Logisztikai Kft.","robots":{"index":"index","follow":"follow","max-snippet":"max-snippet:-1","max-image-preview":"max-image-preview:large","max-video-preview":"max-video-preview:-1"},"canonical":"https:\/\/build.cross-dock.hu\/index.php\/raktarozas\/","og_locale":"en_US","og_type":"article","og_title":"Rakt\u00e1roz\u00e1s - Cross-Dock Logisztikai Kft.","og_description":"Rakt\u00e1roz\u00e1s A rakt\u00e1roz\u00e1si tev\u00e9kenys\u00e9ghez szorosan kapcsol\u00f3d\u00f3 Cross-Dock Home Rakod\u00e1si Szolg\u00e1ltat\u00e1sunk alkalmank\u00e9nt h\u00e1zhoz viszi az \u00e1rumozgat\u00e1shoz sz\u00fcks\u00e9ges eszk\u00f6z\u00f6ket.\u200b \u00c9rdekel Rakt\u00e1roz\u00e1si b\u00e1zissal Budapesten, Thesszalonikiben \u00e9s Ath\u00e9nban rendelkez\u00fcnk. Gy\u0171jt\u0151 rakt\u00e1rainkban r\u00f6videbb \u00e9s hosszabb t\u00e1vra egyar\u00e1nt t\u00e1rolunk. Nemzetk\u00f6zi t\u00e9telek \u00e9rkeztet\u00e9s\u00e9t \u00e9s helyi ter\u00edt\u00e9s\u00e9t a felsorolt orsz\u00e1gokban stabil helyi partnereinkkel v\u00e9gezz\u00fck. Temper\u00e1lt t\u00e1rol\u00e1st is v\u00e9gz\u00fcnk. Cross-Dock Home Rakod\u00e1si Szolg\u00e1ltat\u00e1s \u00daj &hellip; Rakt\u00e1roz\u00e1s Read More &raquo;","og_url":"https:\/\/build.cross-dock.hu\/index.php\/raktarozas\/","og_site_name":"Cross-Dock Logisztikai Kft.","article_modified_time":"2021-12-30T18:14:02+00:00","og_image":[{"url":"https:\/\/build.cross-dock.hu\/wp-content\/uploads\/2021\/12\/raktarozas-hero-img-1024x942.png"}],"twitter_card":"summary_large_image","twitter_misc":{"Est. reading time":"2 minutes"},"schema":{"@context":"https:\/\/schema.org","@graph":[{"@type":"WebSite","@id":"https:\/\/build.cross-dock.hu\/#website","url":"https:\/\/build.cross-dock.hu\/","name":"Cross-Dock Logisztikai Kft.","description":"","potentialAction":[{"@type":"SearchAction","target":{"@type":"EntryPoint","urlTemplate":"https:\/\/build.cross-dock.hu\/?s={search_term_string}"},"query-input":"required name=search_term_string"}],"inLanguage":"en-US"},{"@type":"ImageObject","@id":"https:\/\/build.cross-dock.hu\/index.php\/raktarozas\/#primaryimage","inLanguage":"en-US","url":"https:\/\/build.cross-dock.hu\/wp-content\/uploads\/2021\/12\/raktarozas-hero-img.png","contentUrl":"https:\/\/build.cross-dock.hu\/wp-content\/uploads\/2021\/12\/raktarozas-hero-img.png","width":1247,"height":1147},{"@type":"WebPage","@id":"https:\/\/build.cross-dock.hu\/index.php\/raktarozas\/#webpage","url":"https:\/\/build.cross-dock.hu\/index.php\/raktarozas\/","name":"Rakt\u00e1roz\u00e1s - Cross-Dock Logisztikai Kft.","isPartOf":{"@id":"https:\/\/build.cross-dock.hu\/#website"},"primaryImageOfPage":{"@id":"https:\/\/build.cross-dock.hu\/index.php\/raktarozas\/#primaryimage"},"datePublished":"2021-12-21T21:28:23+00:00","dateModified":"2021-12-30T18:14:02+00:00","breadcrumb":{"@id":"https:\/\/build.cross-dock.hu\/index.php\/raktarozas\/#breadcrumb"},"inLanguage":"en-US","potentialAction":[{"@type":"ReadAction","target":["https:\/\/build.cross-dock.hu\/index.php\/raktarozas\/"]}]},{"@type":"BreadcrumbList","@id":"https:\/\/build.cross-dock.hu\/index.php\/raktarozas\/#breadcrumb","itemListElement":[{"@type":"ListItem","position":1,"name":"Home","item":"https:\/\/build.cross-dock.hu\/"},{"@type":"ListItem","position":2,"name":"Rakt\u00e1roz\u00e1s"}]}]}},"_links":{"self":[{"href":"https:\/\/build.cross-dock.hu\/index.php\/wp-json\/wp\/v2\/pages\/84"}],"collection":[{"href":"https:\/\/build.cross-dock.hu\/index.php\/wp-json\/wp\/v2\/pages"}],"about":[{"href":"https:\/\/build.cross-dock.hu\/index.php\/wp-json\/wp\/v2\/types\/page"}],"author":[{"embeddable":true,"href":"https:\/\/build.cross-dock.hu\/index.php\/wp-json\/wp\/v2\/users\/1"}],"replies":[{"embeddable":true,"href":"https:\/\/build.cross-dock.hu\/index.php\/wp-json\/wp\/v2\/comments?post=84"}],"version-history":[{"count":25,"href":"https:\/\/build.cross-dock.hu\/index.php\/wp-json\/wp\/v2\/pages\/84\/revisions"}],"predecessor-version":[{"id":735,"href":"https:\/\/build.cross-dock.hu\/index.php\/wp-json\/wp\/v2\/pages\/84\/revisions\/735"}],"wp:attachment":[{"href":"https:\/\/build.cross-dock.hu\/index.php\/wp-json\/wp\/v2\/media?parent=84"}],"curies":[{"name":"wp","href":"https:\/\/api.w.org\/{rel}","templated":true}]}}